{"id":1873,"date":"2026-04-14T12:12:11","date_gmt":"2026-04-14T10:12:11","guid":{"rendered":"https:\/\/evolaser.eu\/?post_type=product&#038;p=1873"},"modified":"2026-04-17T13:57:55","modified_gmt":"2026-04-17T11:57:55","slug":"paleta-aluminiowa-higieniczna-1200x800-aero","status":"publish","type":"product","link":"https:\/\/evolaser.eu\/de\/produkt\/paleta-aluminiowa-higieniczna-1200x800-aero\/","title":{"rendered":"Aero Logistics Platform: 1200\u00d7800 Aluminum Pallet \u2013 Lightweight &amp; Hygienic Design"},"content":{"rendered":"<p data-path-to-node=\"14\" class=\"translation-block\"><span class=\"\" data-path-to-node=\"14,0\">Die Serie <b data-path-to-node=\"14,0\" data-index-in-node=\"6\">Aero<\/b> ist die Antwort auf die Anforderungen der modernen Intralogistik. <\/span><span class=\"\" data-path-to-node=\"14,2\"><span class=\"citation-106\">Die Verwendung von quadratischen Profilen 80x80x3 mm <\/span><\/span><span class=\"\" data-path-to-node=\"14,5\"><span class=\"citation-105\">sowie rechteckiger Profile mit den Ma\u00dfen 40x30x3 mm <\/span><\/span><span class=\"\" data-path-to-node=\"14,7\"> erm\u00f6glichte die Entwicklung einer Konstruktion, die mehr als doppelt so leicht ist wie ihre Stahlpendants und dabei eine beeindruckende Steifigkeit aufweist.<\/span><\/p>\n<h3 data-path-to-node=\"15\"><b class=\"\" data-path-to-node=\"15\" data-index-in-node=\"0\">Warum sollte man sich f\u00fcr die Aluminiumvariante entscheiden?<\/b><\/h3>\n<ul>\n<li data-path-to-node=\"16,0,1\"><span class=\"\" data-path-to-node=\"16,0,1,0\"><b data-path-to-node=\"16,0,1,0\" data-index-in-node=\"0\"><span class=\"citation-104\">Senkung der Transportkosten:<\/span><\/b><span class=\"citation-104\"> Geringes Eigengewicht (17,52 kg) <\/span><\/span><span class=\"\" data-path-to-node=\"16,0,1,2\"> erm\u00f6glicht eine Erh\u00f6hung der Nutzlast, was im Luft- und Stra\u00dfenverkehr von entscheidender Bedeutung ist.<\/span><\/li>\n<li data-path-to-node=\"16,1,0\"><b class=\"\" data-path-to-node=\"16,1,0\" data-index-in-node=\"0\">Hygienestandards:<\/b><span class=\"\"> Aluminium rostet nicht und muss nicht gestrichen werden,<\/span><span class=\"\"> co eliminuje ryzyko odprysk\u00f3w lakieru w kontakcie z \u017cywno\u015bci\u0105 lub lekami.<\/span><\/li>\n<li data-path-to-node=\"16,2,0\"><b class=\"\" data-path-to-node=\"16,2,0\" data-index-in-node=\"0\">Trwa\u0142o\u015b\u0107 i Ekologia:<\/b><span class=\"\"> Produkt w 100% podlegaj\u0105cy recyklingowi,<\/span><span class=\"\"> o znacznie d\u0142u\u017cszej \u017cywotno\u015bci ni\u017c palety drewniane czy plastikowe.<\/span><\/li>\n<\/ul>\n<hr class=\"\" data-path-to-node=\"17\" \/>\n<h3 class=\"\" data-path-to-node=\"18\"><strong>Tabela Techniczna (Specyfikacja)<\/strong><\/h3>\n<table data-path-to-node=\"19\">\n<thead>\n<tr>\n<td><strong>Parameter<\/strong><\/td>\n<td><strong>Wert<\/strong><\/td>\n<\/tr>\n<\/thead>\n<tbody>\n<tr>\n<td><span data-path-to-node=\"19,1,0,0\"><b data-path-to-node=\"19,1,0,0\" data-index-in-node=\"0\">Modell<\/b><\/span><\/td>\n<td>\n<p data-path-to-node=\"19,1,1,0\"><span data-path-to-node=\"19,1,1,0,1\"><span class=\"citation-103\">Evolaser Aero 1280 <\/span><\/span><\/p>\n<\/td>\n<\/tr>\n<tr>\n<td><span data-path-to-node=\"19,2,0,0\"><b data-path-to-node=\"19,2,0,0\" data-index-in-node=\"0\">Material<\/b><\/span><\/td>\n<td>\n<p data-path-to-node=\"19,2,1,0\"><span data-path-to-node=\"19,2,1,0,1\"><span class=\"citation-102\">Aluminium AW 6060 T6 <\/span><\/span><\/p>\n<\/td>\n<\/tr>\n<tr>\n<td><span data-path-to-node=\"19,3,0,0\"><b data-path-to-node=\"19,3,0,0\" data-index-in-node=\"0\">Au\u00dfenma\u00dfe<\/b><\/span><\/td>\n<td>\n<p data-path-to-node=\"19,3,1,0\"><span data-path-to-node=\"19,3,1,0,1\"><span class=\"citation-101\">1200 x 800 mm <\/span><\/span><\/p>\n<\/td>\n<\/tr>\n<tr>\n<td><span data-path-to-node=\"19,4,0,0\"><b data-path-to-node=\"19,4,0,0\" data-index-in-node=\"0\">Masa w\u0142asna<\/b><\/span><\/td>\n<td>\n<p data-path-to-node=\"19,4,1,0\"><span data-path-to-node=\"19,4,1,0,1\"><span class=\"citation-100\">17,52 kg <\/span><\/span><\/p>\n<\/td>\n<\/tr>\n<tr>\n<td><span data-path-to-node=\"19,5,0,0\"><b data-path-to-node=\"19,5,0,0\" data-index-in-node=\"0\">Aufbau<\/b><\/span><\/td>\n<td>\n<p data-path-to-node=\"19,5,1,0\"><span data-path-to-node=\"19,5,1,0,1\"><span class=\"citation-99\">9 profili g\u00f3rnych, 3 p\u0142ozy no\u015bne <\/span><\/span><\/p>\n<\/td>\n<\/tr>\n<tr>\n<td><span data-path-to-node=\"19,6,0,0\"><b data-path-to-node=\"19,6,0,0\" data-index-in-node=\"0\">Maximale Tragkraft<\/b><\/span><\/td>\n<td><span data-path-to-node=\"19,6,1,0\">2000 kg (2,0 t)<\/span><\/td>\n<\/tr>\n<tr>\n<td><span data-path-to-node=\"19,7,0,0\"><b data-path-to-node=\"19,7,0,0\" data-index-in-node=\"0\">Ausf\u00fchrung<\/b><\/span><\/td>\n<td><span data-path-to-node=\"19,7,1,0\">Aluminium surowe (brak opcji malowania)<\/span><\/td>\n<\/tr>\n<\/tbody>\n<\/table>","protected":false},"excerpt":{"rendered":"<p class=\"animating\" data-path-to-node=\"11\"><span class=\"\" data-path-to-node=\"11,0\"><b data-path-to-node=\"11,0\" data-index-in-node=\"0\">Eine Revolution im Schwergewicht \u2013 nur 17,5 kg Eigengewicht.<\/b><\/span><\/p>\n<p class=\"animating translation-block\" data-path-to-node=\"11\"><span class=\"\" data-path-to-node=\"11,0\"> Entdecken Sie das Modell Aero \u2013 die fortschrittlichste Logistikplattform von Evolaser. <\/span><span class=\"\" data-path-to-node=\"11,2\"><span class=\"citation-109\">Hergestellt aus zertifiziertem Aluminium AW 6060 T6<\/span><\/span><span class=\"\" data-path-to-node=\"11,4\">, vereint es extreme Leichtigkeit mit einer enormen Tragkraft von 2,0 t. Ideal dort, wo es auf Gewichtsreduzierung beim Transport und h\u00f6chste Hygiene ankommt. <\/span><\/p>\n<ul>\n<li data-path-to-node=\"12,0,1\" class=\"translation-block\"><span class=\"\" data-path-to-node=\"12,0,1,0\"><b data-path-to-node=\"12,0,1,0\" data-index-in-node=\"0\"><span class=\"citation-108\">Material:<\/span><\/b><span class=\"citation-108\"> Aluminium AW 6060 T6 (korrosionsbest\u00e4ndig)<\/span><\/span><span class=\"\" data-path-to-node=\"12,0,1,2\">.<\/span><\/li>\n<li data-path-to-node=\"12,1,1\" class=\"translation-block\"><span class=\"\" data-path-to-node=\"12,1,1,0\"><b data-path-to-node=\"12,1,1,0\" data-index-in-node=\"0\"><span class=\"citation-107\">Gewicht: <\/span><\/b><span class=\"citation-107\"> Nur 17,52 kg \u2013 einfache Handhabung<\/span><\/span><span class=\"\" data-path-to-node=\"12,1,1,2\">.<\/span><\/li>\n<li data-path-to-node=\"12,2,0\"><b class=\"\" data-path-to-node=\"12,2,0\" data-index-in-node=\"0\">Tragkraft:<\/b><span class=\"\"> 2000 kg (2,<\/span><span class=\"\">0 t).<\/span><\/li>\n<li data-path-to-node=\"12,3,0\" class=\"translation-block\"><b class=\"\" data-path-to-node=\"12,3,0\" data-index-in-node=\"0\">Standard:<\/b><span class=\"\"> Hygienisch (keine Absplitterungen,<\/span><span class=\"\"> einfache Sterilisation).<\/span><\/li>\n<\/ul>","protected":false},"featured_media":1874,"template":"","meta":{"_et_pb_use_builder":"","_et_pb_old_content":"","_et_gb_content_width":""},"product_brand":[26],"product_cat":[208,267,209],"product_tag":[238,234,233,231,239,232,235,237,236],"class_list":{"0":"post-1873","1":"product","2":"type-product","3":"status-publish","4":"has-post-thumbnail","6":"product_brand-evolaser","7":"product_cat-wyposazenie-magazynu","8":"product_cat-dla-firm-b2b","9":"product_cat-palety","10":"product_tag-aluminium-aw-6060-t6","11":"product_tag-evolaser-aero","12":"product_tag-lekka-paleta","13":"product_tag-paleta-aluminiowa","14":"product_tag-paleta-gastronomiczna","15":"product_tag-paleta-higieniczna","16":"product_tag-paleta-metalowa-1200x800","17":"product_tag-transport-lotniczy","18":"product_tag-wyposazenie-farmacji","19":"product_shipping_class-wysylka-paletowa-gabaryt","21":"first","22":"instock","23":"taxable","24":"shipping-taxable","25":"purchasable","26":"product-type-simple"},"_links":{"self":[{"href":"https:\/\/evolaser.eu\/de\/wp-json\/wp\/v2\/product\/1873","targetHints":{"allow":["GET"]}}],"collection":[{"href":"https:\/\/evolaser.eu\/de\/wp-json\/wp\/v2\/product"}],"about":[{"href":"https:\/\/evolaser.eu\/de\/wp-json\/wp\/v2\/types\/product"}],"wp:featuredmedia":[{"embeddable":true,"href":"https:\/\/evolaser.eu\/de\/wp-json\/wp\/v2\/media\/1874"}],"wp:attachment":[{"href":"https:\/\/evolaser.eu\/de\/wp-json\/wp\/v2\/media?parent=1873"}],"wp:term":[{"taxonomy":"product_brand","embeddable":true,"href":"https:\/\/evolaser.eu\/de\/wp-json\/wp\/v2\/product_brand?post=1873"},{"taxonomy":"product_cat","embeddable":true,"href":"https:\/\/evolaser.eu\/de\/wp-json\/wp\/v2\/product_cat?post=1873"},{"taxonomy":"product_tag","embeddable":true,"href":"https:\/\/evolaser.eu\/de\/wp-json\/wp\/v2\/product_tag?post=1873"}],"curies":[{"name":"wp","href":"https:\/\/api.w.org\/{rel}","templated":true}]}}