{"id":1847,"date":"2026-04-14T11:16:39","date_gmt":"2026-04-14T09:16:39","guid":{"rendered":"https:\/\/evolaser.eu\/?post_type=product&#038;p=1847"},"modified":"2026-04-17T13:56:36","modified_gmt":"2026-04-17T11:56:36","slug":"paleta-stalowa-przemyslowa-titan-1200x800","status":"publish","type":"product","link":"https:\/\/evolaser.eu\/de\/produkt\/paleta-stalowa-przemyslowa-titan-1200x800\/","title":{"rendered":"Schwerlast-Stahlpalette Titan 1200\u00d7800 \u2013 2,5t Traglast | Rohstahl"},"content":{"rendered":"<h3 data-path-to-node=\"14\"><b data-path-to-node=\"14\" data-index-in-node=\"0\">Legen Sie mit Evolaser die Standards f\u00fcr Ihr Lager fest<\/b><\/h3>\n<p data-path-to-node=\"14\">In der Welt der modernen Logistik, in der jede Sekunde Stillstand Kosten verursacht, wird die Titan-Palette zu einem unverzichtbaren Investitionsgut f\u00fcr Ihr Unternehmen. Herk\u00f6mmliche Holzpaletten splittern, verrotten und verursachen Verschmutzungen. Unsere Stahlpaletten beseitigen diese Probleme und bieten \u00fcber ihre gesamte Lebensdauer hinweg ein konstantes Eigengewicht und eine unver\u00e4nderliche Geometrie.<\/p>\n<h3 data-path-to-node=\"15\"><b data-path-to-node=\"15\" data-index-in-node=\"0\">Technische Spezifikation und Ausf\u00fchrung:<\/b><\/h3>\n<p data-path-to-node=\"15\">Durch den Einsatz von Laserschneid- und Roboterschwei\u00dftechnik erzielen wir eine Wiederholgenauigkeit im Millimeterbereich. Dadurch lassen sich Titan-Paletten ideal mit VNA-Systemstaplern und automatischen Hochregallagern kombinieren.<\/p>\n<ul data-path-to-node=\"16\">\n<li>\n<p data-path-to-node=\"16,0,0\" class=\"translation-block\"><b data-path-to-node=\"16,0,0\" data-index-in-node=\"0\">Abmessungen:<\/b> 1200 mm x 800 mm (EUR-Standard).<\/p>\n<\/li>\n<li>\n<p data-path-to-node=\"16,1,0\"><b data-path-to-node=\"16,1,0\" data-index-in-node=\"0\">Aufbau:<\/b> Profile zamkni\u0119te o wysokiej sztywno\u015bci.<\/p>\n<\/li>\n<li>\n<p data-path-to-node=\"16,2,0\" class=\"translation-block\"><b data-path-to-node=\"16,2,0\" data-index-in-node=\"0\">Hygiene:<\/b> Leicht zu reinigende Struktur, best\u00e4ndig gegen \u00d6le und Fette.<\/p>\n<\/li>\n<li>\n<p data-path-to-node=\"16,3,0\" class=\"translation-block\"><b data-path-to-node=\"16,3,0\" data-index-in-node=\"0\">Korrosionsschutz:<\/b> Erh\u00e4ltlich mit vollst\u00e4ndiger Feuerverzinkung \u2013 h\u00f6chste Korrosionsschutzklasse C5.<\/p>\n<\/li>\n<\/ul>\n<h3 data-path-to-node=\"10,0\"><b data-path-to-node=\"10,0\" data-index-in-node=\"0\">Belastungsparameter:<\/b><\/h3>\n<p data-path-to-node=\"10,0\">Die Titan-Palette wurde speziell f\u00fcr die anspruchsvollsten Lageraufgaben entwickelt. Dank der Verwendung von dickwandigen Stahlprofilen und pr\u00e4zisen WIG-Schwei\u00dfn\u00e4hten bietet die Konstruktion:<\/p>\n<ul>\n<li data-path-to-node=\"10,0\" class=\"translation-block\"><b data-path-to-node=\"4,0,0\" data-index-in-node=\"0\">Maximale Tragkraft:<\/b> bis zu 2500 kg (2,5 Tonnen) \u2013 verst\u00e4rkte Heavy-Duty-Konstruktion.<\/li>\n<li data-path-to-node=\"10,1,2,0\" class=\"translation-block\"><b data-path-to-node=\"10,1,2,0\" data-index-in-node=\"0\">Sicherheit:<\/b> Der Stabilit\u00e4tskoeffizient erm\u00f6glicht die problemlose Lagerung von schweren Motorbl\u00f6cken, Gusseisenteilen oder Spritzgussformen.<\/li>\n<\/ul>\n<h3 data-path-to-node=\"13\"><b data-path-to-node=\"13\" data-index-in-node=\"0\">W\u00e4hlen Sie die Ausf\u00fchrung, die Ihren Bed\u00fcrfnissen entspricht:<\/b><\/h3>\n<ul data-path-to-node=\"14\">\n<li>\n<p data-path-to-node=\"14,0,0\" class=\"translation-block\"><b data-path-to-node=\"14,0,0\" data-index-in-node=\"0\">Rohstahl (Standard): <\/b> Die Palette wird in der nat\u00fcrlichen Stahlfarbe mit sichtbaren Bearbeitungs- und Schwei\u00dfspuren geliefert. Dies ist die kosteng\u00fcnstigste und technischste L\u00f6sung \u2013 ideal f\u00fcr Produktionshallen und die Schwerindustrie, wo es auf reine Funktionalit\u00e4t und nicht auf \u00c4sthetik ankommt.<\/p>\n<\/li>\n<li>\n<p data-path-to-node=\"14,1,0\" class=\"translation-block\"><b data-path-to-node=\"14,1,0\" data-index-in-node=\"0\">RAL-Pulverbeschichtung (Option): <\/b> M\u00f6chten Sie die Paletten an Ihr Firmenbranding anpassen oder Bereiche im Lager kennzeichnen? W\u00e4hlen Sie die Variante mit Lackierung. Wir tragen eine dauerhafte, kratzfeste Pulverbeschichtung in der von Ihnen gew\u00e4hlten Farbe auf.<\/p>\n<\/li>\n<\/ul>\n<h3 data-path-to-node=\"17\" class=\"translation-block\"><b data-path-to-node=\"17\" data-index-in-node=\"0\">Z<\/b><b data-path-to-node=\"17\" data-index-in-node=\"0\">anwendung:<\/b><\/h3>\n<ul data-path-to-node=\"18\">\n<li>\n<p data-path-to-node=\"18,0,0\">Hochregallager (ASRS).<\/p>\n<\/li>\n<li>\n<p data-path-to-node=\"18,1,0\">Schwerindustrie und Gie\u00dfereiwesen.<\/p>\n<\/li>\n<li>\n<p data-path-to-node=\"18,2,0\">R\u00fccknahmelogistik in geschlossenen Produktionskreisl\u00e4ufen.<\/p>\n<\/li>\n<\/ul>","protected":false},"excerpt":{"rendered":"<p data-path-to-node=\"9,0\"><b data-path-to-node=\"9,0\" data-index-in-node=\"0\">Das Fundament Ihrer Logistik in der Heavy-Duty-Ausf\u00fchrung.<\/b><\/p>\n<p data-path-to-node=\"9,1\" class=\"translation-block\">Professionelle Titan-Stahlpalette mit verst\u00e4rkter Konstruktion. <b data-path-to-node=\"9,1\" data-index-in-node=\"62\">Die Basisversion besteht aus reinem, unbehandeltem Baustahl<\/b>, was f\u00fcr einen rohen, industriellen Look und maximale Belastbarkeit bei gleichzeitig optimalem Preis sorgt.<\/p>\n<ul data-path-to-node=\"9,2\">\n<li>\n<p data-path-to-node=\"9,2,0,0\" class=\"translation-block\"><b data-path-to-node=\"9,2,0,0\" data-index-in-node=\"0\">Standardausf\u00fchrung:<\/b> Rohstahl.<\/p>\n<\/li>\n<li>\n<p data-path-to-node=\"9,2,1,0\" class=\"translation-block\"><b data-path-to-node=\"9,2,1,0\" data-index-in-node=\"0\">Zusatzoption:<\/b> M\u00f6glichkeit der Pulverbeschichtung in einer beliebigen Farbe aus der RAL-Palette (Variante ausw\u00e4hlen).<\/p>\n<\/li>\n<li>\n<p data-path-to-node=\"9,2,2,0\" class=\"translation-block\"><b data-path-to-node=\"9,2,2,0\" data-index-in-node=\"0\">Konstruktion:<\/b> 3 Kufen, 4-seitiger Einstieg, L-f\u00f6rmige Eckst\u00fctzen.<\/p>\n<\/li>\n<li class=\"translation-block\"><b data-path-to-node=\"4,0,0\" data-index-in-node=\"0\">Maximale Tragkraft:<\/b> bis zu 2500 kg (2,5 Tonnen) \u2013 verst\u00e4rkte Heavy-Duty-Konstruktion.<\/li>\n<\/ul>","protected":false},"featured_media":1859,"template":"","meta":{"_et_pb_use_builder":"","_et_pb_old_content":"","_et_gb_content_width":""},"product_brand":[26],"product_cat":[208,267,209],"product_tag":[218,59,219,214,217,224,225,221,223,212,222,228,211,213,220,210,215,226,227,216],"class_list":{"0":"post-1847","1":"product","2":"type-product","3":"status-publish","4":"has-post-thumbnail","6":"product_brand-evolaser","7":"product_cat-wyposazenie-magazynu","8":"product_cat-dla-firm-b2b","9":"product_cat-palety","10":"product_tag-automatyka-magazynowa","11":"product_tag-evolaser","12":"product_tag-evolaser-titan","13":"product_tag-heavy-duty","14":"product_tag-intralogistyka","15":"product_tag-konstrukcja-stalowa","16":"product_tag-magazyn-wysokiego-skladowania","17":"product_tag-malowanie-proszkowe","18":"product_tag-nosnik-ladunku","19":"product_tag-paleta-1200x800","20":"product_tag-paleta-euro-stalowa","21":"product_tag-paleta-logistyczna","22":"product_tag-paleta-metalowa","23":"product_tag-paleta-przemyslowa","24":"product_tag-paleta-ral","25":"product_tag-paleta-stalowa","26":"product_tag-paleta-wzmocniona","27":"product_tag-platforma-logistyczna","28":"product_tag-stal-surowa","29":"product_tag-wyposazenie-magazynu","30":"product_shipping_class-wysylka-paletowa-gabaryt","32":"first","33":"instock","34":"taxable","35":"shipping-taxable","36":"purchasable","37":"product-type-variable"},"_links":{"self":[{"href":"https:\/\/evolaser.eu\/de\/wp-json\/wp\/v2\/product\/1847","targetHints":{"allow":["GET"]}}],"collection":[{"href":"https:\/\/evolaser.eu\/de\/wp-json\/wp\/v2\/product"}],"about":[{"href":"https:\/\/evolaser.eu\/de\/wp-json\/wp\/v2\/types\/product"}],"wp:featuredmedia":[{"embeddable":true,"href":"https:\/\/evolaser.eu\/de\/wp-json\/wp\/v2\/media\/1859"}],"wp:attachment":[{"href":"https:\/\/evolaser.eu\/de\/wp-json\/wp\/v2\/media?parent=1847"}],"wp:term":[{"taxonomy":"product_brand","embeddable":true,"href":"https:\/\/evolaser.eu\/de\/wp-json\/wp\/v2\/product_brand?post=1847"},{"taxonomy":"product_cat","embeddable":true,"href":"https:\/\/evolaser.eu\/de\/wp-json\/wp\/v2\/product_cat?post=1847"},{"taxonomy":"product_tag","embeddable":true,"href":"https:\/\/evolaser.eu\/de\/wp-json\/wp\/v2\/product_tag?post=1847"}],"curies":[{"name":"wp","href":"https:\/\/api.w.org\/{rel}","templated":true}]}}