{"id":1729,"date":"2026-04-07T13:03:29","date_gmt":"2026-04-07T11:03:29","guid":{"rendered":"https:\/\/evolaser.eu\/?post_type=product&#038;p=1729"},"modified":"2026-04-07T13:39:52","modified_gmt":"2026-04-07T11:39:52","slug":"niewidzialna-polka-na-ksiazki-evolaser-ghost","status":"publish","type":"product","link":"https:\/\/evolaser.eu\/de\/produkt\/niewidzialna-polka-na-ksiazki-evolaser-ghost\/","title":{"rendered":"Unsichtbares B\u00fccherregal Evolaser \u201eGhost\u201c \u2013 Schwebender Bibliotheks-Effekt"},"content":{"rendered":"<h2 data-path-to-node=\"9\"><b data-path-to-node=\"9\" data-index-in-node=\"0\">Eleganz, die man nicht sieht<\/b><\/h2>\n<p data-path-to-node=\"10\" class=\"translation-block\">In einer Welt, die von Form \u00fcberladen ist, setzen wir auf absolute Funktionalit\u00e4t. <b data-path-to-node=\"\u201e10\u201c\" data-index-in-node=\"\u201e65\u201c\">Evolaser Ghost<\/b> ist kein gew\u00f6hnliches Regal \u2013 es ist eine dezente B\u00fchne f\u00fcr deine Lieblingslekt\u00fcre. Es ist so konzipiert, dass es unter dem Gewicht der B\u00fccher v\u00f6llig verschwindet, und l\u00e4sst diese die Hauptrolle in deinem Interieur spielen, wodurch ein einzigartiges, schwebendes Wandregal entsteht.<\/p>\n<h3 data-path-to-node=\"11\"><b data-path-to-node=\"11\" data-index-in-node=\"0\">Warum ist der Evolaser Ghost die richtige Wahl f\u00fcr Ihre Einrichtung?<\/b><\/h3>\n<ul data-path-to-node=\"12\">\n<li>\n<p data-path-to-node=\"12,0,0\"><b data-path-to-node=\"12,0,0\" data-index-in-node=\"0\">Der faszinierende \u201eGeister\u201c-Effekt:<\/b> Dank seiner durchdachten Konstruktion verschwindet der Metallhalter fast vollst\u00e4ndig aus dem Blickfeld. Deine G\u00e4ste werden sich verwundert die Augen reiben, w\u00e4hrend sie unter dem B\u00fccherstapel nach den versteckten Befestigungen suchen.<\/p>\n<\/li>\n<li>\n<p data-path-to-node=\"12,1,0\"><b data-path-to-node=\"12,1,0\" data-index-in-node=\"0\">Minimalismus, der Raum zum Atmen l\u00e4sst:<\/b> Die ideale L\u00f6sung f\u00fcr moderne Wohnzimmer, Lofts und Schlafzimmer. Indem du die W\u00e4nde nutzt, gewinnst du wertvollen Platz auf dem Boden zur\u00fcck und sorgst gleichzeitig f\u00fcr Ordnung in deiner Sammlung.<\/p>\n<\/li>\n<li>\n<p data-path-to-node=\"12,2,0\"><b data-path-to-node=\"12,2,0\" data-index-in-node=\"0\">Ein starkes Herz, eine zarte Form:<\/b> Das aus hochwertigem Stahl lasergeschnittene Regal \u201eEvolaser Ghost\u201c tr\u00e4gt m\u00fchelos Ihre Lekt\u00fcre \u2013 von schweren Architekturb\u00e4nden bis hin zu Literaturklassikern.<\/p>\n<\/li>\n<li>\n<p data-path-to-node=\"12,3,0\"><b data-path-to-node=\"12,3,0\" data-index-in-node=\"0\">Polnisches technisches Denken:<\/b> Jedes Exemplar ist das Ergebnis pr\u00e4ziser CNC-Bearbeitung in unserer Werkstatt.<\/p>\n<\/li>\n<\/ul>\n<h3 data-path-to-node=\"13\"><b data-path-to-node=\"13\" data-index-in-node=\"0\">Sekret \u201eNiewidzialno\u015bci\u201d<\/b><\/h3>\n<p data-path-to-node=\"14\">Im unteren Teil des Regals haben wir zwei pr\u00e4zise geformte Halterungen angebracht. Diese halten den Einband des ersten, grundlegenden Buches unauff\u00e4llig fest und verdecken so die Metallkonstruktion vollst\u00e4ndig. Es sind diese Details, die man nicht sieht, die das Gesamtbild so spektakul\u00e4r wirken lassen.<\/p>\n<p data-path-to-node=\"15\"><b data-path-to-node=\"15\" data-index-in-node=\"0\">Produktbeschreibung:<\/b><\/p>\n<ul data-path-to-node=\"16\">\n<li>\n<p data-path-to-node=\"16,0,0\"><b data-path-to-node=\"16,0,0\" data-index-in-node=\"0\">Material:<\/b> Robuster, pulverbeschichteter Stahl (matt strukturiert)<\/p>\n<\/li>\n<li>\n<p data-path-to-node=\"16,1,0\"><b data-path-to-node=\"16,1,0\" data-index-in-node=\"0\">Technologie:<\/b> Pr\u00e4zises CNC-Laserschneiden<\/p>\n<\/li>\n<li>\n<p data-path-to-node=\"16,3,0\"><b data-path-to-node=\"16,3,0\" data-index-in-node=\"0\">Im Lieferumfang enthalten:<\/b> Regal Evolaser Ghost<\/p>\n<\/li>\n<li><strong>Edelstahl mit einer St\u00e4rke von 2,2 mm.<\/strong><\/li>\n<\/ul>","protected":false},"excerpt":{"rendered":"<p class=\"translation-block\">Befreie deine B\u00fccher von schweren Regalen. <b data-path-to-node=\"\u201e6\u201c\" data-index-in-node=\"\u201e43\u201c\">Evolaser Ghost<\/b> ist ein minimalistisches Meisterwerk, das unter dem Stapel deiner Lieblingsb\u00fccher verschwindet und sie scheinbar in der Luft schweben l\u00e4sst. Wir haben polnische Laserpr\u00e4zision mit Leidenschaft f\u00fcr Design kombiniert, um ein M\u00f6belst\u00fcck zu schaffen, das man zwar nicht sieht, das aber jedem in Erinnerung bleibt.<\/p>","protected":false},"featured_media":1731,"template":"","meta":{"_et_pb_use_builder":"","_et_pb_old_content":"","_et_gb_content_width":""},"product_brand":[26],"product_cat":[97],"product_tag":[111,104,59,106,101,102,103,98,105,109,100,99,107,108,110,112],"class_list":{"0":"post-1729","1":"product","2":"type-product","3":"status-publish","4":"has-post-thumbnail","6":"product_brand-evolaser","7":"product_cat-niewidzialne-polki-na-ksiazki","8":"product_tag-akcesoria-loftowe","9":"product_tag-design-wnetrz","10":"product_tag-evolaser","11":"product_tag-evolaser-ghost","12":"product_tag-floating-shelf","13":"product_tag-lewitujace-ksiazki","14":"product_tag-minimalizm","15":"product_tag-niewidzialna-polka","16":"product_tag-nowoczesny-salon","17":"product_tag-oszczednosc-miejsca","18":"product_tag-polka-duch","19":"product_tag-polka-na-ksiazki","20":"product_tag-polska-produkcja","21":"product_tag-prezent-dla-mola-ksiazkowego","22":"product_tag-regal-scienny","23":"product_tag-wystroj-wnetrz","25":"first","26":"instock","27":"taxable","28":"shipping-taxable","29":"purchasable","30":"product-type-simple"},"_links":{"self":[{"href":"https:\/\/evolaser.eu\/de\/wp-json\/wp\/v2\/product\/1729","targetHints":{"allow":["GET"]}}],"collection":[{"href":"https:\/\/evolaser.eu\/de\/wp-json\/wp\/v2\/product"}],"about":[{"href":"https:\/\/evolaser.eu\/de\/wp-json\/wp\/v2\/types\/product"}],"wp:featuredmedia":[{"embeddable":true,"href":"https:\/\/evolaser.eu\/de\/wp-json\/wp\/v2\/media\/1731"}],"wp:attachment":[{"href":"https:\/\/evolaser.eu\/de\/wp-json\/wp\/v2\/media?parent=1729"}],"wp:term":[{"taxonomy":"product_brand","embeddable":true,"href":"https:\/\/evolaser.eu\/de\/wp-json\/wp\/v2\/product_brand?post=1729"},{"taxonomy":"product_cat","embeddable":true,"href":"https:\/\/evolaser.eu\/de\/wp-json\/wp\/v2\/product_cat?post=1729"},{"taxonomy":"product_tag","embeddable":true,"href":"https:\/\/evolaser.eu\/de\/wp-json\/wp\/v2\/product_tag?post=1729"}],"curies":[{"name":"wp","href":"https:\/\/api.w.org\/{rel}","templated":true}]}}