{"id":1439,"date":"2026-04-01T13:27:40","date_gmt":"2026-04-01T11:27:40","guid":{"rendered":"https:\/\/evolaser.eu\/?post_type=product&#038;p=1439"},"modified":"2026-04-17T13:58:59","modified_gmt":"2026-04-17T11:58:59","slug":"system-obrzezy-ogrodowych-evolaser-standard-ocynk-grubosc-1mm","status":"publish","type":"product","link":"https:\/\/evolaser.eu\/de\/produkt\/system-obrzezy-ogrodowych-evolaser-standard-ocynk-grubosc-1mm\/","title":{"rendered":"EVOLASER Rasenkantensystem \u2013 Standard Verzinkt \u2013 1mm St\u00e4rke"},"content":{"rendered":"<h2 data-path-to-node=\"8\"><b data-path-to-node=\"8\" data-index-in-node=\"0\">Warum entscheiden sich Architekten f\u00fcr Evolaser-Systeme?<\/b><\/h2>\n<p data-path-to-node=\"9\">Hast du genug von Kompromissen in deinem Garten? Das System <b data-path-to-node=\"9\" data-index-in-node=\"47\">Standard verzinkt 1 mm<\/b> Es wurde speziell f\u00fcr Projekte entwickelt, bei denen jeder Millimeter z\u00e4hlt. Dies ist kein gew\u00f6hnliches Gartenband \u2013 es ist ein professionelles Werkzeug zur Raumgestaltung.<\/p>\n<ul data-path-to-node=\"10\">\n<li>\n<p data-path-to-node=\"10,0,0\"><b data-path-to-node=\"10,0,0\" data-index-in-node=\"0\">Der goldene Mittelweg der Pr\u00e4zision (1 mm):<\/b> Unser 1 mm starker Stahl ist der Standard, der eine perfekt gerade Einfahrtslinie garantiert und gleichzeitig die n\u00f6tige Formbarkeit bewahrt, um elegante B\u00f6gen um Ihre Lieblingsb\u00e4ume und Beete zu formen.<\/p>\n<\/li>\n<li>\n<p data-path-to-node=\"10,1,0\"><b data-path-to-node=\"10,1,0\" data-index-in-node=\"0\">Family-Safe-Sicherheit:<\/b> Als Designer und Eltern wissen wir, worauf es ankommt. Die Oberkante ist professionell umgebogen, sodass keine scharfen Kanten mehr vorhanden sind. Ihre Kinder und Haustiere k\u00f6nnen barfu\u00df sicher \u00fcber den Rasen laufen.<\/p>\n<\/li>\n<li>\n<p data-path-to-node=\"10,2,0\"><b data-path-to-node=\"10,2,0\" data-index-in-node=\"0\">Umfassender Korrosionsschutz:<\/b> Verzinkter Stahl ist die erste Wahl f\u00fcr Pragmatiker, die Wert auf Design legen. Er ist best\u00e4ndig gegen Gartenchemikalien, D\u00fcngemittel und extreme K\u00e4lte \u2013 eine Investition, die \u00fcber Jahre hinweg ihr \u00e4sthetisches Erscheinungsbild bewahrt und keinerlei Pflege erfordert.<\/p>\n<\/li>\n<li>\n<p data-path-to-node=\"10,3,0\"><b data-path-to-node=\"10,3,0\" data-index-in-node=\"0\">Easy-Link-System:<\/b> Unser eigens entwickeltes Schraubverbindungssystem garantiert, dass die Gartenlinien auch nach dem Winter intakt bleiben. Du schaffst eine einzige, monolithische Struktur, die den Boden festh\u00e4lt und Unebenheiten verhindert.<\/p>\n<\/li>\n<\/ul>\n<hr data-path-to-node=\"11\" \/>\n<h3 data-path-to-node=\"12\"><b data-path-to-node=\"12\" data-index-in-node=\"0\">Technische Daten:<\/b><\/h3>\n<table data-path-to-node=\"13\">\n<thead>\n<tr>\n<td><strong>Parameter<\/strong><\/td>\n<td><strong>Technische Daten<\/strong><\/td>\n<\/tr>\n<\/thead>\n<tbody>\n<tr>\n<td><span data-path-to-node=\"13,1,0,0\"><b data-path-to-node=\"13,1,0,0\" data-index-in-node=\"0\">Material<\/b><\/span><\/td>\n<td><span data-path-to-node=\"13,1,1,0\">Hochwertiger verzinkter Stahl<\/span><\/td>\n<\/tr>\n<tr>\n<td><span data-path-to-node=\"13,2,0,0\"><b data-path-to-node=\"13,2,0,0\" data-index-in-node=\"0\">Dicke<\/b><\/span><\/td>\n<td><span data-path-to-node=\"13,2,1,0\">1,0 mm (volle Steifigkeit und Haltbarkeit)<\/span><\/td>\n<\/tr>\n<tr>\n<td><span data-path-to-node=\"13,3,0,0\"><b data-path-to-node=\"13,3,0,0\" data-index-in-node=\"0\">H\u00f6he<\/b><\/span><\/td>\n<td><span data-path-to-node=\"13,3,1,0\">60 mm oder 80 mm (nach Wahl)<\/span><\/td>\n<\/tr>\n<tr>\n<td><span data-path-to-node=\"13,4,0,0\"><b data-path-to-node=\"13,4,0,0\" data-index-in-node=\"0\">Modull\u00e4nge<\/b><\/span><\/td>\n<td><span data-path-to-node=\"13,4,1,0\">500 mm oder 1000 mm (nach Wahl)<\/span><\/td>\n<\/tr>\n<tr>\n<td><span data-path-to-node=\"13,5,0,0\"><b data-path-to-node=\"13,5,0,0\" data-index-in-node=\"0\">Ausf\u00fchrung<\/b><\/span><\/td>\n<td><span data-path-to-node=\"13,5,1,0\">Sichere, umgebogene Oberkante (Family-Safe)<\/span><\/td>\n<\/tr>\n<tr>\n<td><span data-path-to-node=\"13,6,0,0\"><b data-path-to-node=\"13,6,0,0\" data-index-in-node=\"0\">Produktion<\/b><\/span><\/td>\n<td><span data-path-to-node=\"13,6,1,0\">100 % Polnische Technik (Lublin)<\/span><\/td>\n<\/tr>\n<\/tbody>\n<\/table>\n<hr data-path-to-node=\"14\" \/>\n<h3 data-path-to-node=\"15\"><b data-path-to-node=\"15\" data-index-in-node=\"0\">Wo wird Evolaser den Unterschied machen?<\/b><\/h3>\n<p data-path-to-node=\"16\">Das System \u201eStandard Ocynk\u201c eignet sich ideal f\u00fcr moderne Wohnh\u00e4user und minimalistische G\u00e4rten, insbesondere f\u00fcr:<\/p>\n<ul>\n<li data-path-to-node=\"17,0,0\">Trennung des Rasens von Rinde oder Zierkies.<\/li>\n<li data-path-to-node=\"17,1,0\">Erstellung geometrischer Umrandungen um Geb\u00e4ude.<\/li>\n<li data-path-to-node=\"17,2,0\">Das Anlegen klarer Linien bei Kieswegen.<\/li>\n<li data-path-to-node=\"17,3,0\">Gestaltung \u00e4sthetischer Umrandungen um B\u00e4ume und Str\u00e4ucher.<\/li>\n<\/ul>\n<p data-path-to-node=\"18\"><b data-path-to-node=\"18\" data-index-in-node=\"0\">Entscheiden Sie sich f\u00fcr Langlebigkeit \u00fcber Jahre hinweg, nicht nur f\u00fcr eine Saison. Entscheiden Sie sich f\u00fcr Evolaser.<\/b><\/p>","protected":false},"excerpt":{"rendered":"<p>Schluss mit rissigem Kunststoff und welligen Rasenr\u00e4ndern. Das Evolaser Standard-Randsteinsystem aus 1 mm starkem verzinktem Stahl steht f\u00fcr technische Pr\u00e4zision im Dienste der Natur. Entworfen als R\u00fcckgrat Ihrer Landschaftsarchitektur, verbindet es die Festigkeit von Stahl mit der Flexibilit\u00e4t, die es erm\u00f6glicht, perfekte B\u00f6gen zu formen. Dank der Family-Safe-Kante und dem robusten Korrosionsschutz entscheiden Sie sich f\u00fcr luxuri\u00f6se Langlebigkeit, die den modernen Garten f\u00fcr Generationen pr\u00e4gt. Echte Premium-Qualit\u00e4t direkt aus unserer Manufaktur in Lublin.<\/p>\n<p><strong>Anzahl: 1 St\u00fcck<\/strong><\/p>","protected":false},"featured_media":1440,"template":"","meta":{"_et_pb_use_builder":"","_et_pb_old_content":"","_et_gb_content_width":""},"product_brand":[26],"product_cat":[266,53,52],"product_tag":[58,59,57,56,62,61,55,54,60],"class_list":{"0":"post-1439","1":"product","2":"type-product","3":"status-publish","4":"has-post-thumbnail","6":"product_brand-evolaser","7":"product_cat-dla-ogrodu","8":"product_cat-standard-series","9":"product_cat-system-obrzezy-ogrodowych","10":"product_tag-architektura-krajobrazu","11":"product_tag-evolaser","12":"product_tag-nowoczesny-ogrod","13":"product_tag-obrzeza-ogrodowe-1mm","14":"product_tag-polski-producent","15":"product_tag-projektowanie-ogrodow","16":"product_tag-stal-ocynkowana","17":"product_tag-system-obrzezy-trawnikowych","18":"product_tag-trwale-obrzeza","19":"product_shipping_class-obrzeza","21":"first","22":"instock","23":"taxable","24":"shipping-taxable","25":"purchasable","26":"product-type-variable"},"_links":{"self":[{"href":"https:\/\/evolaser.eu\/de\/wp-json\/wp\/v2\/product\/1439","targetHints":{"allow":["GET"]}}],"collection":[{"href":"https:\/\/evolaser.eu\/de\/wp-json\/wp\/v2\/product"}],"about":[{"href":"https:\/\/evolaser.eu\/de\/wp-json\/wp\/v2\/types\/product"}],"wp:featuredmedia":[{"embeddable":true,"href":"https:\/\/evolaser.eu\/de\/wp-json\/wp\/v2\/media\/1440"}],"wp:attachment":[{"href":"https:\/\/evolaser.eu\/de\/wp-json\/wp\/v2\/media?parent=1439"}],"wp:term":[{"taxonomy":"product_brand","embeddable":true,"href":"https:\/\/evolaser.eu\/de\/wp-json\/wp\/v2\/product_brand?post=1439"},{"taxonomy":"product_cat","embeddable":true,"href":"https:\/\/evolaser.eu\/de\/wp-json\/wp\/v2\/product_cat?post=1439"},{"taxonomy":"product_tag","embeddable":true,"href":"https:\/\/evolaser.eu\/de\/wp-json\/wp\/v2\/product_tag?post=1439"}],"curies":[{"name":"wp","href":"https:\/\/api.w.org\/{rel}","templated":true}]}}