{"id":1377,"date":"2026-03-31T12:23:53","date_gmt":"2026-03-31T10:23:53","guid":{"rendered":"https:\/\/evolaser.eu\/?post_type=product&#038;p=1377"},"modified":"2026-04-18T09:19:23","modified_gmt":"2026-04-18T07:19:23","slug":"system-lamp-ogrodowych-evolaser-rond-spider","status":"publish","type":"product","link":"https:\/\/evolaser.eu\/de\/produkt\/system-lamp-ogrodowych-evolaser-rond-spider\/","title":{"rendered":"Gartenbeleuchtungssysteme EVOLASER - ROND Spider"},"content":{"rendered":"<h3><strong>Signierte Kollektion: Wenn Technik auf Kunst trifft<\/strong><\/h3>\n<p>Die Beleuchtungssysteme von EVOLASER sind kein Zufallsprodukt. Sie wurden vom Chefdesigner unserer Manufaktur entworfen, einem Vision\u00e4r, der seit einem Jahrzehnt den Begriff \u201eGebrauchskunst\u201c neu definiert. Inspiration f\u00fcr diese Kollektion war der Dialog zwischen dem rohen Metall und der Verg\u00e4nglichkeit des Lichts. Jeder Einschnitt, jeder Einfallswinkel der Strahlen wurde mathematisch berechnet, um in Ihrem Garten und auf Ihrer Terrasse ein Schattentheater zu schaffen, das nicht nur beleuchtet, sondern begeistert. Mit EVOLASER holen Sie sich ein einzigartiges Design in Ihren Raum, das ein Manifest moderner Eleganz ist.<\/p>\n<h3><b>Dort, wo makellose Eleganz auf geometrische Ausdruckskraft trifft.<\/b><\/h3>\n<p><b>ROND Spider-System<\/b><span style=\"font-weight: 400;\"> to prze\u0142om w projektowaniu o\u015bwietlenia zewn\u0119trznego, dedykowany przestrzeniom, kt\u00f3re maj\u0105 intrygowa\u0107. Po\u0142\u0105czenie idealnie g\u0142adkiego, cylindrycznego korpusu (rodzina <\/span><b>ROND<\/b><span style=\"font-weight: 400;\">) mit einem markanten, pr\u00e4zisen Muster <\/span><b>Spider<\/b><span style=\"font-weight: 400;\"> Es schafft ein Objekt, das tags\u00fcber eine minimalistische Skulptur ist und nach Einbruch der Dunkelheit zum Regisseur eines faszinierenden Spektakels wird. Es ist ein Licht mit starker Pers\u00f6nlichkeit, geschaffen f\u00fcr diejenigen, die von ihrem Garten den Charakter einer Galerie f\u00fcr moderne Kunst erwarten.<\/span><\/p>\n<h3><b>Lichtinszenierung: Spider-Muster<\/b><\/h3>\n<p><span style=\"font-weight: 400;\">Lampenschirm <\/span><b>Spider<\/b><span style=\"font-weight: 400;\"> Es handelt sich um ein Meisterwerk, das mit 3D-Lasertechnologie gefertigt wurde. Das geometrische, fast organisch anmutende Netz aus Einschnitten streut das Licht auf ungew\u00f6hnliche Weise und wirft tiefe, dreidimensionale Schatten auf die Umgebung. Es ist die ideale Wahl, um dem Garten einen modernen, leicht industriellen Touch zu verleihen und gew\u00f6hnliche Wege in repr\u00e4sentative Alleen zu verwandeln.<\/span><\/p>\n<h3><b>GRUNDLAGE DES SYSTEMS: Die Wahlfreiheit von \u201eEasy-Change\u201c<\/b><\/h3>\n<p><b>Du kaufst nicht einfach nur eine Lampe. Du investierst in eine Plattform, die sich weiterentwickelt.<\/b><\/p>\n<p><span style=\"font-weight: 400;\">ROND Spider ist ein integraler Bestandteil des EVOLASER-\u00d6kosystems. Unsere firmeneigene Modultechnologie trennt den technischen Bereich vom \u00e4sthetischen und bietet so den Luxus grenzenloser Gestaltungsfreiheit:<\/span><\/p>\n<ul>\n<li style=\"font-weight: 400;\" aria-level=\"1\"><b>Verwandlung in 5 Minuten:<\/b><span style=\"font-weight: 400;\"> Dein Geschmack \u00e4ndert sich, dein Garten auch. Das System <\/span><b>Einfacher Wechsel<\/b><span style=\"font-weight: 400;\"> erm\u00f6glicht es, die Spider-Abdeckung im Handumdrehen gegen jedes andere Modell aus unserer Kollektion (z. B. Horizon oder Grid) auszutauschen. Ohne einen Elektriker hinzuziehen zu m\u00fcssen, ohne die Befestigungen zu demontieren und ohne Eingriffe an den Kabeln.<\/span><\/li>\n<li style=\"font-weight: 400;\" aria-level=\"1\"><b>Eine zeitlose Investition:<\/b><span style=\"font-weight: 400;\"> Einmal installiert, h\u00e4lt die Montagebasis jahrzehntelang. M\u00f6chtest du das Erscheinungsbild deines Grundst\u00fccks in f\u00fcnf Jahren auffrischen? Dann w\u00e4hle einfach neue Lampenschirme bei uns aus. Es ist das einzige Beleuchtungssystem, das mit deinen Bed\u00fcrfnissen mitw\u00e4chst.<\/span><\/li>\n<li style=\"font-weight: 400;\" aria-level=\"1\"><b>Polnisches technisches Denken:<\/b><span style=\"font-weight: 400;\"> Jedes Teil entsteht in unserer Fabrik in Lublin. Wir verbinden handwerkliche Leidenschaft mit der Leistungsf\u00e4higkeit modernster 3D-Laser.<\/span><\/li>\n<\/ul>\n<p>&nbsp;<\/p>\n<h3><b>SYSTEMKONFIGURATION \u2013 W\u00c4HLE DEINE GR\u00d6SSE<\/b><\/h3>\n<p><span style=\"font-weight: 400;\">Das Gartenleuchtensystem Horizon ist in drei Gr\u00f6\u00dfenvarianten erh\u00e4ltlich:<\/span><\/p>\n<div style=\"overflow-x: auto; width: 100%; margin-bottom: 20px;\">\n<table style=\"width: 100%; min-width: 450px; border-collapse: collapse;\">\n<tbody>\n<tr>\n<td style=\"padding: 8px; border-bottom: 1px solid #eee;\"><b>Variante<\/b><\/td>\n<td style=\"padding: 8px; border-bottom: 1px solid #eee;\"><b>H\u00f6he<\/b><\/td>\n<td style=\"padding: 8px; border-bottom: 1px solid #eee;\"><b>Breite (\u00d8)<\/b><\/td>\n<td style=\"padding: 8px; border-bottom: 1px solid #eee;\"><b>Leuchtweite<\/b><\/td>\n<\/tr>\n<tr>\n<td style=\"padding: 8px; border-bottom: 1px solid #eee;\"><b>Gr\u00f6\u00dfe 1<\/b><\/td>\n<td style=\"padding: 8px; border-bottom: 1px solid #eee;\"><span style=\"font-weight: 400;\">50 cm<\/span><\/td>\n<td style=\"padding: 8px; border-bottom: 1px solid #eee;\"><span style=\"font-weight: 400;\">10 cm<\/span><\/td>\n<td style=\"padding: 8px; border-bottom: 1px solid #eee;\"><span style=\"font-weight: 400;\">30 cm<\/span><\/td>\n<\/tr>\n<tr>\n<td style=\"padding: 8px; border-bottom: 1px solid #eee;\"><b>Gr\u00f6\u00dfe 2<\/b><\/td>\n<td style=\"padding: 8px; border-bottom: 1px solid #eee;\"><span style=\"font-weight: 400;\">75 cm<\/span><\/td>\n<td style=\"padding: 8px; border-bottom: 1px solid #eee;\"><span style=\"font-weight: 400;\">15 cm<\/span><\/td>\n<td style=\"padding: 8px; border-bottom: 1px solid #eee;\"><span style=\"font-weight: 400;\">35 cm<\/span><\/td>\n<\/tr>\n<tr>\n<td style=\"padding: 8px; border-bottom: 1px solid #eee;\"><b>Gr\u00f6\u00dfe 3<\/b><\/td>\n<td style=\"padding: 8px; border-bottom: 1px solid #eee;\"><span style=\"font-weight: 400;\">100 cm<\/span><\/td>\n<td style=\"padding: 8px; border-bottom: 1px solid #eee;\"><span style=\"font-weight: 400;\">15 cm<\/span><\/td>\n<td style=\"padding: 8px; border-bottom: 1px solid #eee;\"><span style=\"font-weight: 400;\">40 cm<\/span><\/td>\n<\/tr>\n<\/tbody>\n<\/table>\n<\/div>\n<h3><\/h3>\n<h3><b>MATERIALIEN: Eleganz in jedem Detail<\/b><\/h3>\n<p><span style=\"font-weight: 400;\">Jedes Element des EVOLASER-Systems wird in unserer Manufaktur in Lublin aus Metallen h\u00f6chster Qualit\u00e4t gefertigt:<\/span><\/p>\n<p><b>ALUMINIUM:<\/b><span style=\"font-weight: 400;\"> Futuristische Leichtigkeit. Mit einer tiefmatten Pulverbeschichtung versehen.<\/span><\/p>\n<p><b>EDELSTAHL (Premium):<\/b><span style=\"font-weight: 400;\"><br \/>\n<\/span><b><\/b><\/p>\n<ul>\n<li><b>Glanz:<\/b><span style=\"font-weight: 400;\"> Eine spiegelnde Fl\u00e4che, die sich tags\u00fcber im Garten verliert und das Gr\u00fcn widerspiegelt, w\u00e4hrend sie nachts den Glanz verst\u00e4rkt.<\/span><\/li>\n<li><b>Satin:<\/b><span style=\"font-weight: 400;\"> Die dezente Eleganz von geb\u00fcrstetem Metall f\u00fcr Liebhaber des Details.<\/span><\/li>\n<\/ul>\n<h3><b>Universelles Montagesystem EVOLASER<\/b><\/h3>\n<p><b>Ein System \u2013 zwei Installationsm\u00f6glichkeiten:<\/b><\/p>\n<ul>\n<li style=\"font-weight: 400;\" aria-level=\"1\"><b>Fester Untergrund (Standard):<\/b><span style=\"font-weight: 400;\"> Der im Lieferumfang enthaltene Stahlsockel erm\u00f6glicht eine stabile Befestigung auf Pflastersteinen, Beton oder Holzterrassen mithilfe herk\u00f6mmlicher D\u00fcbel.<\/span><\/li>\n<li style=\"font-weight: 400;\" aria-level=\"1\"><b>Weicher Untergrund (optional erh\u00e4ltlich):<\/b><span style=\"font-weight: 400;\"> Das spezielle Boden-Set (Stabilisierungsplatte + Kreuzstifte) erm\u00f6glicht eine sichere Befestigung der Leuchte direkt im Boden oder Rasen, ohne dass Betoniertarbeiten erforderlich sind.<\/span><\/li>\n<li style=\"font-weight: 400;\" aria-level=\"1\"><b>Easy-Change-Technologie:<\/b><span style=\"font-weight: 400;\"> Bei unserem System sind der Montagefu\u00df und die dekorative Abdeckung voneinander getrennt. So kannst du jederzeit nur die gemusterte Abdeckung austauschen, ohne den Sockel oder die Elektroinstallation antasten zu m\u00fcssen.<\/span><\/li>\n<\/ul>\n<p><b>Einmal kaufen \u2013 und du hast eine Grundlage f\u00fcr viele Jahre.<\/b><\/p>\n<h3><strong>Polnisches technisches Denken und Qualit\u00e4t<\/strong><\/h3>\n<p>Es handelt sich nicht um billige Massenware aus dem Import. Jede EVOLASER-Lampe entsteht in unserer Manufaktur in Lublin. Wir setzen auf zertifizierten Stahl, polnische Handwerkskunst und die Pr\u00e4zision des 3D-Lasers. Du entscheidest dich f\u00fcr Langlebigkeit \u00fcber Jahre hinweg, nicht nur f\u00fcr eine Saison.<\/p>","protected":false},"excerpt":{"rendered":"<p>Das Gartenleuchtensystem Rond Spider \u2013 wo Geometrie auf Harmonie trifft. Das Modell Rond Spider ist eine einzigartige Verbindung aus kreisf\u00f6rmiger Eleganz und einem faszinierenden, spinnenartigen Detail aus Premium-Stahl. Diese Leuchte definiert die Punktbeleuchtung neu und schafft im Garten Lichtinseln mit einem geradezu hypnotisierenden Muster. Entworfen f\u00fcr Residenzen, die nach unvergesslichen Details suchen, verbindet dieses System handwerkliche Pr\u00e4zision mit einer modernen Vision von Outdoor Living. Entscheiden Sie sich f\u00fcr Rond Spider, um Ihren Wegen und Terrassen einen unverwechselbaren, luxuri\u00f6sen Charakter zu verleihen.<\/p>\n<p><strong>Anzahl: 1 St\u00fcck<\/strong><\/p>","protected":false},"featured_media":1736,"template":"","meta":{"_et_pb_use_builder":"","_et_pb_old_content":"","_et_gb_content_width":""},"product_brand":[26],"product_cat":[25,266,27],"product_tag":[34,33,35,49,31,50,36,32,29],"class_list":{"0":"post-1377","1":"product","2":"type-product","3":"status-publish","4":"has-post-thumbnail","6":"product_brand-evolaser","7":"product_cat-systemy-lamp-ogrodowych","8":"product_cat-dla-ogrodu","9":"product_cat-rond-series","10":"product_tag-design-outdoor","11":"product_tag-lampy-architektoniczne","12":"product_tag-luksusowy-ogrod","13":"product_tag-nowoczesne-oswietlenie-punktowe","14":"product_tag-oswietlenie-ogrodowe-premium","15":"product_tag-oswietlenie-tarasu","16":"product_tag-projektowanie-krajobrazu","17":"product_tag-stal-nierdzewna-inox","18":"product_tag-system-lamp-ogrodowych","19":"product_shipping_class-lampy","21":"first","22":"instock","23":"taxable","24":"shipping-taxable","25":"purchasable","26":"product-type-variable"},"_links":{"self":[{"href":"https:\/\/evolaser.eu\/de\/wp-json\/wp\/v2\/product\/1377","targetHints":{"allow":["GET"]}}],"collection":[{"href":"https:\/\/evolaser.eu\/de\/wp-json\/wp\/v2\/product"}],"about":[{"href":"https:\/\/evolaser.eu\/de\/wp-json\/wp\/v2\/types\/product"}],"wp:featuredmedia":[{"embeddable":true,"href":"https:\/\/evolaser.eu\/de\/wp-json\/wp\/v2\/media\/1736"}],"wp:attachment":[{"href":"https:\/\/evolaser.eu\/de\/wp-json\/wp\/v2\/media?parent=1377"}],"wp:term":[{"taxonomy":"product_brand","embeddable":true,"href":"https:\/\/evolaser.eu\/de\/wp-json\/wp\/v2\/product_brand?post=1377"},{"taxonomy":"product_cat","embeddable":true,"href":"https:\/\/evolaser.eu\/de\/wp-json\/wp\/v2\/product_cat?post=1377"},{"taxonomy":"product_tag","embeddable":true,"href":"https:\/\/evolaser.eu\/de\/wp-json\/wp\/v2\/product_tag?post=1377"}],"curies":[{"name":"wp","href":"https:\/\/api.w.org\/{rel}","templated":true}]}}