{"id":925,"date":"2026-01-09T12:19:34","date_gmt":"2026-01-09T11:19:34","guid":{"rendered":"https:\/\/evolaser.eu\/?page_id=925"},"modified":"2026-01-09T12:19:35","modified_gmt":"2026-01-09T11:19:35","slug":"znakowanie-laserem","status":"publish","type":"page","link":"https:\/\/evolaser.eu\/de\/znakowanie-laserem\/","title":{"rendered":"Lasermarkierung"},"content":{"rendered":"<p>[et_pb_section fb_built=&#8221;1&#8243; custom_padding_last_edited=&#8221;on|phone&#8221; next_background_color=&#8221;#ffffff&#8221; admin_label=&#8221;Hero Section&#8221; _builder_version=&#8221;4.27.4&#8243; use_background_color_gradient=&#8221;on&#8221; background_color_gradient_type=&#8221;circular&#8221; background_color_gradient_direction_radial=&#8221;top left&#8221; background_color_gradient_stops=&#8221;#2b303a 10%|rgba(43,48,58,0.5) 100%&#8221; background_color_gradient_overlays_image=&#8221;on&#8221; background_color_gradient_start=&#8221;#2b303a&#8221; background_color_gradient_start_position=&#8221;10%&#8221; background_color_gradient_end=&#8221;rgba(43,48,58,0.5)&#8221; background_image=&#8221;https:\/\/evolaser.eu\/wp-content\/uploads\/2025\/11\/RAT_3950.webp&#8221; module_alignment=&#8221;right&#8221; custom_margin_tablet=&#8221;0px|0px|0px|0px|true|true&#8221; custom_margin_last_edited=&#8221;off|desktop&#8221; custom_padding=&#8221;6vw|0|8vw|0|false|false&#8221; custom_padding_tablet=&#8221;9vw||9vw|0px|true|false&#8221; custom_padding_phone=&#8221;60px||80px||false|false&#8221; top_divider_repeat=&#8221;0.5x&#8221; top_divider_flip=&#8221;vertical&#8221; bottom_divider_style=&#8221;asymmetric4&#8243; bottom_divider_repeat=&#8221;0.5x&#8221; bottom_divider_flip=&#8221;vertical&#8221; animation_style=&#8221;slide&#8221; animation_direction=&#8221;top&#8221; animation_intensity_slide=&#8221;2%&#8221; global_module=&#8221;597&#8243; saved_tabs=&#8221;all&#8221; global_colors_info=&#8221;{}&#8221;][et_pb_row admin_label=&#8221;Hero Area&#8221; _builder_version=&#8221;4.27.4&#8243; background_size=&#8221;initial&#8221; background_position=&#8221;top_left&#8221; background_repeat=&#8221;repeat&#8221; max_width=&#8221;1280px&#8221; custom_margin=&#8221;|||&#8221; global_colors_info=&#8221;{}&#8221;][et_pb_column type=&#8221;4_4&#8243; _builder_version=&#8221;4.16&#8243; custom_padding=&#8221;|||&#8221; global_colors_info=&#8221;{}&#8221; custom_padding__hover=&#8221;|||&#8221;][et_pb_text admin_label=&#8221;Title&#8221; _builder_version=&#8221;4.27.4&#8243; _dynamic_attributes=&#8221;content&#8221; text_font=&#8221;||||||||&#8221; quote_font=&#8221;||||||||&#8221; header_text_color=&#8221;gcid-7c5d6a40-359b-467e-bf82-d963ce1497db&#8221; header_font_size=&#8221;80px&#8221; header_line_height=&#8221;1.4em&#8221; header_2_font=&#8221;||||||||&#8221; background_layout=&#8221;dark&#8221; custom_margin=&#8221;|||-40px&#8221; custom_margin_tablet=&#8221;&#8221; custom_margin_phone=&#8221;|||0px&#8221; custom_margin_last_edited=&#8221;on|phone&#8221; custom_padding=&#8221;|||30px&#8221; animation_style=&#8221;slide&#8221; animation_direction=&#8221;top&#8221; animation_intensity_slide=&#8221;5%&#8221; header_font_size_tablet=&#8221;40px&#8221; header_font_size_phone=&#8221;&#8221; header_font_size_last_edited=&#8221;on|tablet&#8221; border_color_all=&#8221;#ff5400&#8243; border_width_left=&#8221;8px&#8221; border_color_left=&#8221;gcid-67112464-0cf3-4c19-83e2-234982916595&#8243; global_colors_info=&#8221;{%22gcid-67112464-0cf3-4c19-83e2-234982916595%22:%91%22border_color_all_image%22,%22image_icon_background_color%22,%22border_color_left%22%93,%22gcid-7c5d6a40-359b-467e-bf82-d963ce1497db%22:%91%22body_text_color%22,%22header_text_color%22%93,%22gcid-82825614-d3ca-42ac-9950-b498c0636a05%22:%91%22header_2_text_color%22,%22header_3_text_color%22,%22header_4_text_color%22,%22header_5_text_color%22%93}&#8221;]@ET-DC@eyJkeW5hbWljIjp0cnVlLCJjb250ZW50IjoicG9zdF90aXRsZSIsInNldHRpbmdzIjp7ImJlZm9yZSI6IjxoMT4iLCJhZnRlciI6IjwvaDE+In19@[\/et_pb_text][\/et_pb_column][\/et_pb_row][\/et_pb_section][et_pb_section fb_built=&#8221;1&#8243; custom_padding_last_edited=&#8221;on|phone&#8221; admin_label=&#8221;Why Choose Us Section&#8221; _builder_version=&#8221;4.27.4&#8243; background_size=&#8221;initial&#8221; background_position=&#8221;bottom_right&#8221; module_alignment=&#8221;right&#8221; custom_margin=&#8221;||||false&#8221; custom_padding=&#8221;40px||40px||true|false&#8221; custom_padding_tablet=&#8221;40px||40px||true|false&#8221; custom_padding_phone=&#8221;0px||40px||false|false&#8221; locked=&#8221;off&#8221; global_colors_info=&#8221;{}&#8221;][et_pb_row _builder_version=&#8221;4.27.4&#8243; _module_preset=&#8221;default&#8221; global_colors_info=&#8221;{}&#8221;][et_pb_column type=&#8221;4_4&#8243; _builder_version=&#8221;4.27.4&#8243; _module_preset=&#8221;default&#8221; global_colors_info=&#8221;{}&#8221;][et_pb_text _builder_version=&#8221;4.27.4&#8243; _module_preset=&#8221;default&#8221; hover_enabled=&#8221;0&#8243; global_colors_info=&#8221;{}&#8221; sticky_enabled=&#8221;0&#8243;]<\/p>\n<h2>Znakowanie laserowe \u2013 technologia, kt\u00f3ra pracuje na Tw\u00f3j wizerunek<\/h2>\n<p>[\/et_pb_text][\/et_pb_column][\/et_pb_row][et_pb_row column_structure=&#8221;1_2,1_2&#8243; use_custom_gutter=&#8221;on&#8221; gutter_width=&#8221;2&#8243; custom_padding_last_edited=&#8221;on|phone&#8221; _builder_version=&#8221;4.27.4&#8243; _module_preset=&#8221;default&#8221; max_width=&#8221;1280px&#8221; custom_padding_tablet=&#8221;||0px||false|false&#8221; custom_padding_phone=&#8221;||0px||false|false&#8221; locked=&#8221;off&#8221; global_colors_info=&#8221;{}&#8221; custom_css_main_element_last_edited=&#8221;on|phone&#8221; custom_css_main_element_tablet=&#8221;display: flex;||flex-direction: column-reverse;||&#8221; custom_css_main_element_phone=&#8221;display: flex;||flex-direction: column-reverse;||&#8221;][et_pb_column type=&#8221;1_2&#8243; _builder_version=&#8221;4.27.4&#8243; _module_preset=&#8221;default&#8221; global_colors_info=&#8221;{}&#8221;][et_pb_image src=&#8221;http:\/\/evolaser.eu\/wp-content\/uploads\/2025\/11\/RAT_3952.webp&#8221; alt=&#8221;Znakowanie laserem Lublin.&#8221; title_text=&#8221;Znakowanie laserem Lublin.&#8221; _builder_version=&#8221;4.27.4&#8243; _module_preset=&#8221;default&#8221; background_enable_color=&#8221;off&#8221; use_background_color_gradient=&#8221;on&#8221; background_color_gradient_direction=&#8221;135deg&#8221; background_color_gradient_stops=&#8221;gcid-67112464-0cf3-4c19-83e2-234982916595 10%|rgba(255, 255, 255, 0) 10%&#8221; custom_padding=&#8221;20px||20px|20px|true|false&#8221; hover_enabled=&#8221;0&#8243; global_colors_info=&#8221;{%22gcid-67112464-0cf3-4c19-83e2-234982916595%22:%91%22background_color_gradient_stops%22%93}&#8221; sticky_enabled=&#8221;0&#8243;][\/et_pb_image][\/et_pb_column][et_pb_column type=&#8221;1_2&#8243; _builder_version=&#8221;4.27.4&#8243; _module_preset=&#8221;default&#8221; custom_padding=&#8221;20px||20px||true|false&#8221; custom_padding_tablet=&#8221;||20px||false|false&#8221; custom_padding_phone=&#8221;||20px||false|false&#8221; custom_padding_last_edited=&#8221;on|tablet&#8221; global_colors_info=&#8221;{}&#8221;][et_pb_text admin_label=&#8221;Subtitle&#8221; _builder_version=&#8221;4.27.4&#8243; text_text_color=&#8221;gcid-82825614-d3ca-42ac-9950-b498c0636a05&#8243; hover_enabled=&#8221;0&#8243; locked=&#8221;off&#8221; global_colors_info=&#8221;{%22gcid-67112464-0cf3-4c19-83e2-234982916595%22:%91%22border_color_all_image%22,%22image_icon_background_color%22,%22border_color_all_image%22,%22image_icon_background_color%22,%22border_color_all_image%22,%22image_icon_background_color%22%93,%22gcid-7c5d6a40-359b-467e-bf82-d963ce1497db%22:%91%22body_text_color%22,%22body_text_color%22,%22body_text_color%22%93,%22gcid-82825614-d3ca-42ac-9950-b498c0636a05%22:%91%22header_text_color%22,%22header_2_text_color%22,%22header_3_text_color%22,%22header_4_text_color%22,%22header_5_text_color%22,%22text_text_color%22%93}&#8221; sticky_enabled=&#8221;0&#8243;]<\/p>\n<p data-start=\"452\" data-end=\"889\">Laser to narz\u0119dzie przysz\u0142o\u015bci, kt\u00f3re ju\u017c teraz wyznacza standardy w przemy\u015ble, reklamie i personalizacji. Dzi\u0119ki wykorzystaniu skoncentrowanej wi\u0105zki \u015bwiat\u0142a mo\u017cliwe jest trwa\u0142e znakowanie niemal ka\u017cdego materia\u0142u: metalu, stali nierdzewnej, aluminium, tworzyw sztucznych, szk\u0142a, drewna, sk\u00f3ry czy laminat\u00f3w. Co istotne, proces ten nie wymaga u\u017cycia farb, tuszy ani chemikali\u00f3w \u2013 oznaczenie powstaje bezpo\u015brednio w strukturze materia\u0142u.<\/p>\n<p data-start=\"891\" data-end=\"1202\">Dla naszych klient\u00f3w oznacza to jedno: maksymaln\u0105 trwa\u0142o\u015b\u0107 i perfekcyjny efekt wizualny. Znakowanie laserowe nie \u015bciera si\u0119, nie blaknie i jest odporne na warunki atmosferyczne, wysok\u0105 temperatur\u0119 oraz \u015brodki chemiczne. To rozwi\u0105zanie idealne tam, gdzie liczy si\u0119 niezawodno\u015b\u0107 i profesjonalny wygl\u0105d przez lata.<\/p>\n<p>[\/et_pb_text][\/et_pb_column][\/et_pb_row][et_pb_row use_custom_gutter=&#8221;on&#8221; gutter_width=&#8221;2&#8243; custom_padding_last_edited=&#8221;off|desktop&#8221; _builder_version=&#8221;4.27.4&#8243; _module_preset=&#8221;default&#8221; max_width=&#8221;1280px&#8221; custom_padding=&#8221;0px||0px||false|false&#8221; custom_padding_tablet=&#8221;||0px||false|false&#8221; custom_padding_phone=&#8221;||0px||false|false&#8221; locked=&#8221;off&#8221; global_colors_info=&#8221;{}&#8221; custom_css_main_element_last_edited=&#8221;on|phone&#8221; custom_css_main_element_tablet=&#8221;display: flex;||flex-direction: column-reverse;||&#8221; custom_css_main_element_phone=&#8221;display: flex;||flex-direction: column-reverse;||&#8221;][et_pb_column type=&#8221;4_4&#8243; _builder_version=&#8221;4.27.4&#8243; _module_preset=&#8221;default&#8221; custom_padding=&#8221;20px||20px||true|false&#8221; custom_padding_tablet=&#8221;||20px||false|false&#8221; custom_padding_phone=&#8221;||20px||false|false&#8221; custom_padding_last_edited=&#8221;on|tablet&#8221; global_colors_info=&#8221;{}&#8221;][et_pb_text admin_label=&#8221;Title&#8221; _builder_version=&#8221;4.27.4&#8243; text_text_color=&#8221;gcid-82825614-d3ca-42ac-9950-b498c0636a05&#8243; header_2_font=&#8221;Oxanium|700||on|||||&#8221; custom_padding=&#8221;|||16px|false|false&#8221; header_text_align_tablet=&#8221;&#8221; header_text_align_phone=&#8221;center&#8221; header_text_align_last_edited=&#8221;on|tablet&#8221; header_2_text_align_tablet=&#8221;center&#8221; header_2_text_align_phone=&#8221;center&#8221; header_2_text_align_last_edited=&#8221;on|phone&#8221; border_width_left=&#8221;8px&#8221; border_color_left=&#8221;gcid-67112464-0cf3-4c19-83e2-234982916595&#8243; global_colors_info=&#8221;{%22gcid-67112464-0cf3-4c19-83e2-234982916595%22:%91%22border_color_all_image%22,%22image_icon_background_color%22,%22border_color_all_image%22,%22image_icon_background_color%22,%22border_color_left%22%93,%22gcid-7c5d6a40-359b-467e-bf82-d963ce1497db%22:%91%22body_text_color%22,%22body_text_color%22,%22body_text_color%22%93,%22gcid-82825614-d3ca-42ac-9950-b498c0636a05%22:%91%22header_text_color%22,%22header_2_text_color%22,%22header_3_text_color%22,%22header_4_text_color%22,%22header_5_text_color%22,%22text_text_color%22%93}&#8221;]<\/p>\n<h2>Dlaczego laser wygrywa z innymi metodami znakowania?<\/h2>\n<p>[\/et_pb_text][et_pb_text _builder_version=&#8221;4.27.4&#8243; _module_preset=&#8221;default&#8221; hover_enabled=&#8221;0&#8243; global_colors_info=&#8221;{}&#8221; sticky_enabled=&#8221;0&#8243;]<\/p>\n<p data-start=\"1261\" data-end=\"1533\">W praktyce spotykamy si\u0119 z pytaniem, czy laser rzeczywi\u015bcie przewy\u017csza inne techniki. Odpowied\u017a brzmi: tak, i to na wielu poziomach. Znakowanie laserowe daje swobod\u0119 projektowania, powtarzalno\u015b\u0107 oraz precyzj\u0119, kt\u00f3rej nie da si\u0119 osi\u0105gn\u0105\u0107 metodami mechanicznymi czy drukiem.<\/p>\n<p data-start=\"1535\" data-end=\"1595\">Pod jednym nag\u0142\u00f3wkiem warto jasno pokaza\u0107 kluczowe korzy\u015bci:<\/p>\n<p data-start=\"1535\" data-end=\"1595\">\n<h3 data-start=\"1597\" data-end=\"1643\">Najwa\u017cniejsze zalety znakowania laserowego<\/h3>\n<ul data-start=\"1644\" data-end=\"2126\">\n<li data-start=\"1644\" data-end=\"1764\">\n<p data-start=\"1646\" data-end=\"1764\"><strong data-start=\"1646\" data-end=\"1670\">Niezr\u00f3wnana precyzja<\/strong> \u2013 nawet mikroskopijne detale, cienkie linie i skomplikowane grafiki s\u0105 odwzorowane idealnie<\/p>\n<\/li>\n<li data-start=\"1765\" data-end=\"1879\">\n<p data-start=\"1767\" data-end=\"1879\"><strong data-start=\"1767\" data-end=\"1788\">Trwa\u0142o\u015b\u0107 oznacze\u0144<\/strong> \u2013 znakowanie jest integraln\u0105 cz\u0119\u015bci\u0105 materia\u0142u, a nie warstw\u0105 naniesion\u0105 na powierzchni\u0119<\/p>\n<\/li>\n<li data-start=\"1880\" data-end=\"1962\">\n<p data-start=\"1882\" data-end=\"1962\"><strong data-start=\"1882\" data-end=\"1894\">Ekologia<\/strong> \u2013 proces bez u\u017cycia chemii, odpad\u00f3w i materia\u0142\u00f3w eksploatacyjnych<\/p>\n<\/li>\n<li data-start=\"1963\" data-end=\"2045\">\n<p data-start=\"1965\" data-end=\"2045\"><strong data-start=\"1965\" data-end=\"1998\">Powtarzalno\u015b\u0107 i automatyzacja<\/strong> \u2013 idealne rozwi\u0105zanie dla produkcji seryjnej<\/p>\n<\/li>\n<li data-start=\"2046\" data-end=\"2126\">\n<p data-start=\"2048\" data-end=\"2126\"><strong data-start=\"2048\" data-end=\"2067\">Wszechstronno\u015b\u0107<\/strong> \u2013 od pojedynczych realizacji po du\u017ce nak\u0142ady przemys\u0142owe<\/p>\n<\/li>\n<\/ul>\n<p>[\/et_pb_text][et_pb_text admin_label=&#8221;Title&#8221; _builder_version=&#8221;4.27.4&#8243; text_text_color=&#8221;gcid-82825614-d3ca-42ac-9950-b498c0636a05&#8243; header_2_font=&#8221;Oxanium|700||on|||||&#8221; custom_padding=&#8221;|||16px|false|false&#8221; hover_enabled=&#8221;0&#8243; header_text_align_tablet=&#8221;&#8221; header_text_align_phone=&#8221;center&#8221; header_text_align_last_edited=&#8221;on|tablet&#8221; header_2_text_align_tablet=&#8221;center&#8221; header_2_text_align_phone=&#8221;center&#8221; header_2_text_align_last_edited=&#8221;on|phone&#8221; border_width_left=&#8221;8px&#8221; border_color_left=&#8221;gcid-67112464-0cf3-4c19-83e2-234982916595&#8243; global_colors_info=&#8221;{%22gcid-67112464-0cf3-4c19-83e2-234982916595%22:%91%22border_color_all_image%22,%22image_icon_background_color%22,%22border_color_all_image%22,%22image_icon_background_color%22,%22border_color_left%22%93,%22gcid-7c5d6a40-359b-467e-bf82-d963ce1497db%22:%91%22body_text_color%22,%22body_text_color%22,%22body_text_color%22%93,%22gcid-82825614-d3ca-42ac-9950-b498c0636a05%22:%91%22header_text_color%22,%22header_2_text_color%22,%22header_3_text_color%22,%22header_4_text_color%22,%22header_5_text_color%22,%22text_text_color%22%93}&#8221; sticky_enabled=&#8221;0&#8243;]<\/p>\n<h2>Personalizacja, kt\u00f3ra robi r\u00f3\u017cnic\u0119<\/h2>\n<p>[\/et_pb_text][et_pb_text _builder_version=&#8221;4.27.4&#8243; _module_preset=&#8221;default&#8221; hover_enabled=&#8221;0&#8243; global_colors_info=&#8221;{}&#8221; sticky_enabled=&#8221;0&#8243;]<\/p>\n<p data-start=\"2167\" data-end=\"2460\">W \u015bwiecie, w kt\u00f3rym klienci oczekuj\u0105 indywidualnego podej\u015bcia, znakowanie laserowe staje si\u0119 narz\u0119dziem budowania relacji z odbiorc\u0105. Grawerowane logo, numer seryjny, kod QR, dedykacja czy has\u0142o reklamowe sprawiaj\u0105, \u017ce produkt przestaje by\u0107 anonimowy. Zyskuje charakter, histori\u0119 i unikalno\u015b\u0107.<\/p>\n<p data-start=\"2462\" data-end=\"2736\">Cz\u0119sto m\u00f3wimy naszym klientom: \u201edobrze zaprojektowane znakowanie to cichy ambasador marki\u201d. To ono decyduje, czy produkt b\u0119dzie postrzegany jako premium, profesjonalny i godny zaufania. Laser pozwala osi\u0105gn\u0105\u0107 efekt, kt\u00f3ry nie krzyczy, ale przyci\u0105ga uwag\u0119 jako\u015bci\u0105 wykonania.<\/p>\n<p>[\/et_pb_text][et_pb_text admin_label=&#8221;Title&#8221; _builder_version=&#8221;4.27.4&#8243; text_text_color=&#8221;gcid-82825614-d3ca-42ac-9950-b498c0636a05&#8243; header_2_font=&#8221;Oxanium|700||on|||||&#8221; custom_padding=&#8221;|||16px|false|false&#8221; hover_enabled=&#8221;0&#8243; header_text_align_tablet=&#8221;&#8221; header_text_align_phone=&#8221;center&#8221; header_text_align_last_edited=&#8221;on|tablet&#8221; header_2_text_align_tablet=&#8221;center&#8221; header_2_text_align_phone=&#8221;center&#8221; header_2_text_align_last_edited=&#8221;on|phone&#8221; border_width_left=&#8221;8px&#8221; border_color_left=&#8221;gcid-67112464-0cf3-4c19-83e2-234982916595&#8243; global_colors_info=&#8221;{%22gcid-67112464-0cf3-4c19-83e2-234982916595%22:%91%22border_color_all_image%22,%22image_icon_background_color%22,%22border_color_all_image%22,%22image_icon_background_color%22,%22border_color_left%22%93,%22gcid-7c5d6a40-359b-467e-bf82-d963ce1497db%22:%91%22body_text_color%22,%22body_text_color%22,%22body_text_color%22%93,%22gcid-82825614-d3ca-42ac-9950-b498c0636a05%22:%91%22header_text_color%22,%22header_2_text_color%22,%22header_3_text_color%22,%22header_4_text_color%22,%22header_5_text_color%22,%22text_text_color%22%93}&#8221; sticky_enabled=&#8221;0&#8243;]<\/p>\n<h2>Zastosowania, kt\u00f3re nie maj\u0105 granic<\/h2>\n<p>[\/et_pb_text][et_pb_text _builder_version=&#8221;4.27.4&#8243; _module_preset=&#8221;default&#8221; hover_enabled=&#8221;0&#8243; global_colors_info=&#8221;{}&#8221; sticky_enabled=&#8221;0&#8243;]<\/p>\n<p data-start=\"2778\" data-end=\"3093\">Znakowanie laserowe znajduje zastosowanie w niemal ka\u017cdej bran\u017cy. Przemys\u0142 wykorzystuje je do oznaczania cz\u0119\u015bci, tabliczek znamionowych i narz\u0119dzi. Firmy reklamowe stawiaj\u0105 na personalizowane gad\u017cety, a producenci elektroniki, motoryzacji czy medycyny nie wyobra\u017caj\u0105 sobie dzi\u015b innej metody identyfikacji produkt\u00f3w.<\/p>\n<p data-start=\"3095\" data-end=\"3410\">Realizujemy zar\u00f3wno projekty techniczne, gdzie kluczowa jest zgodno\u015b\u0107 z normami i czytelno\u015b\u0107 oznacze\u0144, jak i realizacje estetyczne, w kt\u00f3rych liczy si\u0119 design i wra\u017cenie \u201ewow\u201d. Ka\u017cde zlecenie traktujemy indywidualnie, doradzaj\u0105c najlepsze rozwi\u0105zanie pod k\u0105tem materia\u0142u, efektu wizualnego i przeznaczenia produktu.<\/p>\n<p>[\/et_pb_text][et_pb_text admin_label=&#8221;Title&#8221; _builder_version=&#8221;4.27.4&#8243; text_text_color=&#8221;gcid-82825614-d3ca-42ac-9950-b498c0636a05&#8243; header_2_font=&#8221;Oxanium|700||on|||||&#8221; custom_padding=&#8221;|||16px|false|false&#8221; hover_enabled=&#8221;0&#8243; header_text_align_tablet=&#8221;&#8221; header_text_align_phone=&#8221;center&#8221; header_text_align_last_edited=&#8221;on|tablet&#8221; header_2_text_align_tablet=&#8221;center&#8221; header_2_text_align_phone=&#8221;center&#8221; header_2_text_align_last_edited=&#8221;on|phone&#8221; border_width_left=&#8221;8px&#8221; border_color_left=&#8221;gcid-67112464-0cf3-4c19-83e2-234982916595&#8243; global_colors_info=&#8221;{%22gcid-67112464-0cf3-4c19-83e2-234982916595%22:%91%22border_color_all_image%22,%22image_icon_background_color%22,%22border_color_all_image%22,%22image_icon_background_color%22,%22border_color_left%22%93,%22gcid-7c5d6a40-359b-467e-bf82-d963ce1497db%22:%91%22body_text_color%22,%22body_text_color%22,%22body_text_color%22%93,%22gcid-82825614-d3ca-42ac-9950-b498c0636a05%22:%91%22header_text_color%22,%22header_2_text_color%22,%22header_3_text_color%22,%22header_4_text_color%22,%22header_5_text_color%22,%22text_text_color%22%93}&#8221; sticky_enabled=&#8221;0&#8243;]<\/p>\n<h2>Do\u015bwiadczenie, kt\u00f3re przek\u0142ada si\u0119 na jako\u015b\u0107<\/h2>\n<p>[\/et_pb_text][et_pb_text _builder_version=&#8221;4.27.4&#8243; _module_preset=&#8221;default&#8221; hover_enabled=&#8221;0&#8243; global_colors_info=&#8221;{}&#8221; sticky_enabled=&#8221;0&#8243;]<\/p>\n<p data-start=\"3461\" data-end=\"3743\">Technologia to jedno, ale prawdziw\u0105 warto\u015b\u0107 tworz\u0105 ludzie i wiedza. Pracujemy na nowoczesnych systemach laserowych, jednak to do\u015bwiadczenie operator\u00f3w i projektant\u00f3w decyduje o ko\u0144cowym efekcie. Analizujemy potrzeby klienta, testujemy ustawienia i dbamy o ka\u017cdy szczeg\u00f3\u0142 realizacji.<\/p>\n<p data-start=\"3745\" data-end=\"3951\">Dla nas znakowanie laserowe to nie \u201eus\u0142uga\u201d, lecz proces, w kt\u00f3rym \u0142\u0105czymy technik\u0119 z estetyk\u0105 i funkcjonalno\u015bci\u0105. Efekt ko\u0144cowy ma nie tylko wygl\u0105da\u0107 dobrze, ale tak\u017ce spe\u0142nia\u0107 swoj\u0105 rol\u0119 przez d\u0142ugi czas.<\/p>\n<p data-start=\"3953\" data-end=\"4188\" data-is-last-node=\"\" data-is-only-node=\"\">Je\u015bli szukasz rozwi\u0105zania, kt\u00f3re podkre\u015bli jako\u015b\u0107 Twoich produkt\u00f3w, wzmocni rozpoznawalno\u015b\u0107 marki i zapewni trwa\u0142o\u015b\u0107 oznacze\u0144 \u2013 znakowanie laserowe jest odpowiedzi\u0105. A my jeste\u015bmy po to, by wykorzysta\u0107 potencja\u0142 tej technologii w 100%.<\/p>\n<p>[\/et_pb_text][\/et_pb_column][\/et_pb_row][\/et_pb_section]<\/p>\n","protected":false},"excerpt":{"rendered":"<p>Znakowanie laserowe \u2013 technologia, kt\u00f3ra pracuje na Tw\u00f3j wizerunekLaser to narz\u0119dzie przysz\u0142o\u015bci, kt\u00f3re ju\u017c teraz wyznacza standardy w przemy\u015ble, reklamie i personalizacji. Dzi\u0119ki wykorzystaniu skoncentrowanej wi\u0105zki \u015bwiat\u0142a mo\u017cliwe jest trwa\u0142e znakowanie niemal ka\u017cdego materia\u0142u: metalu, stali nierdzewnej, aluminium, tworzyw sztucznych, szk\u0142a, drewna, sk\u00f3ry czy laminat\u00f3w. Co istotne, proces ten nie wymaga u\u017cycia farb, tuszy ani chemikali\u00f3w \u2013 oznaczenie powstaje bezpo\u015brednio w strukturze materia\u0142u. Dla naszych klient\u00f3w oznacza to jedno: maksymaln\u0105 trwa\u0142o\u015b\u0107 i perfekcyjny efekt wizualny. Znakowanie laserowe nie \u015bciera si\u0119, nie blaknie i jest odporne na warunki atmosferyczne, wysok\u0105 temperatur\u0119 oraz \u015brodki chemiczne. To rozwi\u0105zanie idealne tam, gdzie liczy si\u0119 niezawodno\u015b\u0107 i profesjonalny wygl\u0105d przez lata.Dlaczego laser wygrywa z innymi metodami znakowania?W praktyce spotykamy si\u0119 z pytaniem, czy laser rzeczywi\u015bcie przewy\u017csza inne techniki. Odpowied\u017a brzmi: tak, i to na wielu poziomach. Znakowanie laserowe daje swobod\u0119 projektowania, powtarzalno\u015b\u0107 oraz precyzj\u0119, kt\u00f3rej nie da si\u0119 osi\u0105gn\u0105\u0107 metodami mechanicznymi czy drukiem. Pod jednym nag\u0142\u00f3wkiem warto jasno pokaza\u0107 kluczowe korzy\u015bci: Najwa\u017cniejsze zalety znakowania laserowego Niezr\u00f3wnana precyzja \u2013 nawet mikroskopijne detale, cienkie linie i skomplikowane grafiki s\u0105 odwzorowane idealnie Trwa\u0142o\u015b\u0107 oznacze\u0144 \u2013 znakowanie jest integraln\u0105 cz\u0119\u015bci\u0105 materia\u0142u, a nie warstw\u0105 naniesion\u0105 na powierzchni\u0119 Ekologia \u2013 proces bez u\u017cycia chemii, odpad\u00f3w i materia\u0142\u00f3w eksploatacyjnych Powtarzalno\u015b\u0107 i [&hellip;]<\/p>\n","protected":false},"author":3,"featured_media":0,"parent":0,"menu_order":0,"comment_status":"closed","ping_status":"closed","template":"","meta":{"_et_pb_use_builder":"on","_et_pb_old_content":"<!-- wp:divi\/placeholder \/-->","_et_gb_content_width":"","footnotes":""},"class_list":["post-925","page","type-page","status-publish","hentry"],"_links":{"self":[{"href":"https:\/\/evolaser.eu\/de\/wp-json\/wp\/v2\/pages\/925","targetHints":{"allow":["GET"]}}],"collection":[{"href":"https:\/\/evolaser.eu\/de\/wp-json\/wp\/v2\/pages"}],"about":[{"href":"https:\/\/evolaser.eu\/de\/wp-json\/wp\/v2\/types\/page"}],"author":[{"embeddable":true,"href":"https:\/\/evolaser.eu\/de\/wp-json\/wp\/v2\/users\/3"}],"replies":[{"embeddable":true,"href":"https:\/\/evolaser.eu\/de\/wp-json\/wp\/v2\/comments?post=925"}],"version-history":[{"count":2,"href":"https:\/\/evolaser.eu\/de\/wp-json\/wp\/v2\/pages\/925\/revisions"}],"predecessor-version":[{"id":928,"href":"https:\/\/evolaser.eu\/de\/wp-json\/wp\/v2\/pages\/925\/revisions\/928"}],"wp:attachment":[{"href":"https:\/\/evolaser.eu\/de\/wp-json\/wp\/v2\/media?parent=925"}],"curies":[{"name":"wp","href":"https:\/\/api.w.org\/{rel}","templated":true}]}}