{"id":909,"date":"2026-01-09T11:18:01","date_gmt":"2026-01-09T10:18:01","guid":{"rendered":"https:\/\/evolaser.eu\/?page_id=909"},"modified":"2026-03-19T08:19:33","modified_gmt":"2026-03-19T07:19:33","slug":"blacha","status":"publish","type":"page","link":"https:\/\/evolaser.eu\/de\/blacha\/","title":{"rendered":"Blechschneiden"},"content":{"rendered":"<p>[et_pb_section fb_built=&#8221;1&#8243; custom_padding_last_edited=&#8221;on|phone&#8221; next_background_color=&#8221;#ffffff&#8221; admin_label=&#8221;Hero Section&#8221; _builder_version=&#8221;4.27.4&#8243; use_background_color_gradient=&#8221;on&#8221; background_color_gradient_type=&#8221;circular&#8221; background_color_gradient_direction_radial=&#8221;top left&#8221; background_color_gradient_stops=&#8221;#2b303a 10%|rgba(43,48,58,0.5) 100%&#8221; background_color_gradient_overlays_image=&#8221;on&#8221; background_color_gradient_start=&#8221;#2b303a&#8221; background_color_gradient_start_position=&#8221;10%&#8221; background_color_gradient_end=&#8221;rgba(43,48,58,0.5)&#8221; background_image=&#8221;https:\/\/evolaser.eu\/wp-content\/uploads\/2025\/11\/RAT_3950.webp&#8221; module_alignment=&#8221;right&#8221; custom_margin_tablet=&#8221;0px|0px|0px|0px|true|true&#8221; custom_margin_last_edited=&#8221;off|desktop&#8221; custom_padding=&#8221;6vw|0|8vw|0|false|false&#8221; custom_padding_tablet=&#8221;9vw||9vw|0px|true|false&#8221; custom_padding_phone=&#8221;60px||80px||false|false&#8221; top_divider_repeat=&#8221;0.5x&#8221; top_divider_flip=&#8221;vertical&#8221; bottom_divider_style=&#8221;asymmetric4&#8243; bottom_divider_repeat=&#8221;0.5x&#8221; bottom_divider_flip=&#8221;vertical&#8221; animation_style=&#8221;slide&#8221; animation_direction=&#8221;top&#8221; animation_intensity_slide=&#8221;2%&#8221; global_module=&#8221;597&#8243; saved_tabs=&#8221;all&#8221; global_colors_info=&#8221;{}&#8221;][et_pb_row admin_label=&#8221;Hero Area&#8221; _builder_version=&#8221;4.27.4&#8243; background_size=&#8221;initial&#8221; background_position=&#8221;top_left&#8221; background_repeat=&#8221;repeat&#8221; max_width=&#8221;1280px&#8221; custom_margin=&#8221;|||&#8221; global_colors_info=&#8221;{}&#8221;][et_pb_column type=&#8221;4_4&#8243; _builder_version=&#8221;4.16&#8243; custom_padding=&#8221;|||&#8221; global_colors_info=&#8221;{}&#8221; custom_padding__hover=&#8221;|||&#8221;][et_pb_text admin_label=&#8221;Title&#8221; _builder_version=&#8221;4.27.4&#8243; text_font=&#8221;||||||||&#8221; quote_font=&#8221;||||||||&#8221; header_text_color=&#8221;gcid-7c5d6a40-359b-467e-bf82-d963ce1497db&#8221; header_font_size=&#8221;80px&#8221; header_line_height=&#8221;1.4em&#8221; header_2_font=&#8221;||||||||&#8221; background_layout=&#8221;dark&#8221; custom_margin=&#8221;|||-40px&#8221; custom_margin_tablet=&#8221;&#8221; custom_margin_phone=&#8221;|||0px&#8221; custom_margin_last_edited=&#8221;on|phone&#8221; custom_padding=&#8221;|||30px&#8221; animation_style=&#8221;slide&#8221; animation_direction=&#8221;top&#8221; animation_intensity_slide=&#8221;5%&#8221; header_font_size_tablet=&#8221;40px&#8221; header_font_size_phone=&#8221;&#8221; header_font_size_last_edited=&#8221;on|tablet&#8221; border_color_all=&#8221;#ff5400&#8243; border_width_left=&#8221;8px&#8221; border_color_left=&#8221;gcid-67112464-0cf3-4c19-83e2-234982916595&#8243; global_colors_info=&#8221;{%22gcid-67112464-0cf3-4c19-83e2-234982916595%22:%91%22border_color_all_image%22,%22image_icon_background_color%22,%22border_color_left%22%93,%22gcid-7c5d6a40-359b-467e-bf82-d963ce1497db%22:%91%22body_text_color%22,%22header_text_color%22%93,%22gcid-82825614-d3ca-42ac-9950-b498c0636a05%22:%91%22header_2_text_color%22,%22header_3_text_color%22,%22header_4_text_color%22,%22header_5_text_color%22%93}&#8221;]<\/p>\n<h1>Ci\u0119cie blachy<\/h1>\n<p>[\/et_pb_text][\/et_pb_column][\/et_pb_row][\/et_pb_section][et_pb_section fb_built=&#8221;1&#8243; custom_padding_last_edited=&#8221;on|phone&#8221; admin_label=&#8221;Why Choose Us Section&#8221; _builder_version=&#8221;4.27.4&#8243; background_size=&#8221;initial&#8221; background_position=&#8221;bottom_right&#8221; module_alignment=&#8221;right&#8221; custom_margin=&#8221;||||false&#8221; custom_padding=&#8221;40px||40px||true|false&#8221; custom_padding_tablet=&#8221;40px||40px||true|false&#8221; custom_padding_phone=&#8221;0px||40px||false|false&#8221; locked=&#8221;off&#8221; global_colors_info=&#8221;{}&#8221;][et_pb_row _builder_version=&#8221;4.27.4&#8243; _module_preset=&#8221;default&#8221; global_colors_info=&#8221;{}&#8221;][et_pb_column type=&#8221;4_4&#8243; _builder_version=&#8221;4.27.4&#8243; _module_preset=&#8221;default&#8221; global_colors_info=&#8221;{}&#8221;][et_pb_text _builder_version=&#8221;4.27.4&#8243; _module_preset=&#8221;default&#8221; global_colors_info=&#8221;{}&#8221;]<\/p>\n<h2>Precyzja, kt\u00f3ra buduje przewag\u0119 \u2013 profesjonalne ci\u0119cie blachy laserem<\/h2>\n<p>[\/et_pb_text][\/et_pb_column][\/et_pb_row][et_pb_row column_structure=&#8221;1_2,1_2&#8243; use_custom_gutter=&#8221;on&#8221; gutter_width=&#8221;2&#8243; custom_padding_last_edited=&#8221;on|phone&#8221; _builder_version=&#8221;4.27.4&#8243; _module_preset=&#8221;default&#8221; max_width=&#8221;1280px&#8221; custom_padding_tablet=&#8221;||0px||false|false&#8221; custom_padding_phone=&#8221;||0px||false|false&#8221; locked=&#8221;off&#8221; global_colors_info=&#8221;{}&#8221; custom_css_main_element_last_edited=&#8221;on|phone&#8221; custom_css_main_element_tablet=&#8221;display: flex;||flex-direction: column-reverse;||&#8221; custom_css_main_element_phone=&#8221;display: flex;||flex-direction: column-reverse;||&#8221;][et_pb_column type=&#8221;1_2&#8243; _builder_version=&#8221;4.27.4&#8243; _module_preset=&#8221;default&#8221; global_colors_info=&#8221;{}&#8221;][et_pb_image src=&#8221;https:\/\/evolaser.eu\/wp-content\/uploads\/2025\/11\/IMG_5378.webp&#8221; alt=&#8221;Ci\u0119cie blachy Lublin.&#8221; title_text=&#8221;Ci\u0119cie blachy Lublin.&#8221; _builder_version=&#8221;4.27.4&#8243; _module_preset=&#8221;default&#8221; background_enable_color=&#8221;off&#8221; use_background_color_gradient=&#8221;on&#8221; background_color_gradient_direction=&#8221;135deg&#8221; background_color_gradient_stops=&#8221;gcid-67112464-0cf3-4c19-83e2-234982916595 10%|rgba(255, 255, 255, 0) 10%&#8221; custom_padding=&#8221;20px||20px|20px|true|false&#8221; global_colors_info=&#8221;{%22gcid-67112464-0cf3-4c19-83e2-234982916595%22:%91%22background_color_gradient_stops%22%93}&#8221;][\/et_pb_image][\/et_pb_column][et_pb_column type=&#8221;1_2&#8243; _builder_version=&#8221;4.27.4&#8243; _module_preset=&#8221;default&#8221; custom_padding=&#8221;20px||20px||true|false&#8221; custom_padding_tablet=&#8221;||20px||false|false&#8221; custom_padding_phone=&#8221;||20px||false|false&#8221; custom_padding_last_edited=&#8221;on|tablet&#8221; global_colors_info=&#8221;{}&#8221;][et_pb_text admin_label=&#8221;Subtitle&#8221; _builder_version=&#8221;4.27.4&#8243; text_text_color=&#8221;gcid-82825614-d3ca-42ac-9950-b498c0636a05&#8243; locked=&#8221;off&#8221; global_colors_info=&#8221;{%22gcid-67112464-0cf3-4c19-83e2-234982916595%22:%91%22border_color_all_image%22,%22image_icon_background_color%22,%22border_color_all_image%22,%22image_icon_background_color%22,%22border_color_all_image%22,%22image_icon_background_color%22%93,%22gcid-7c5d6a40-359b-467e-bf82-d963ce1497db%22:%91%22body_text_color%22,%22body_text_color%22,%22body_text_color%22%93,%22gcid-82825614-d3ca-42ac-9950-b498c0636a05%22:%91%22header_text_color%22,%22header_2_text_color%22,%22header_3_text_color%22,%22header_4_text_color%22,%22header_5_text_color%22,%22text_text_color%22%93}&#8221;]<\/p>\n<p data-start=\"74\" data-end=\"470\">Ci\u0119cie blachy laserem to dzi\u015b znacznie wi\u0119cej ni\u017c tylko proces technologiczny. To fundament nowoczesnej produkcji, punkt wyj\u015bcia dla jako\u015bci, estetyki i powtarzalno\u015bci element\u00f3w metalowych. Jako firma specjalizuj\u0105ca si\u0119 w laserowym ci\u0119ciu blach, \u0142\u0105czymy zaawansowan\u0105 technologi\u0119 z in\u017cynierskim podej\u015bciem i realnym zrozumieniem potrzeb przemys\u0142u. Pracujemy z metalem, ale my\u015blimy o rozwi\u0105zaniach.<\/p>\n<p data-start=\"472\" data-end=\"873\">Laser nie wybacza b\u0142\u0119d\u00f3w \u2013 i w\u0142a\u015bnie dlatego jest narz\u0119dziem dla profesjonalist\u00f3w. Wysoka koncentracja energii pozwala na uzyskanie idealnie g\u0142adkich kraw\u0119dzi, minimalnej strefy wp\u0142ywu ciep\u0142a oraz powtarzalno\u015bci, kt\u00f3rej nie da si\u0119 osi\u0105gn\u0105\u0107 tradycyjnymi metodami. Dla naszych klient\u00f3w oznacza to oszcz\u0119dno\u015b\u0107 czasu, redukcj\u0119 koszt\u00f3w dalszej obr\u00f3bki i pewno\u015b\u0107, \u017ce ka\u017cdy detal spe\u0142nia za\u0142o\u017cone tolerancje.<\/p>\n<p data-start=\"875\" data-end=\"989\">Jak cz\u0119sto s\u0142yszymy: \u201eliczy si\u0119 detal\u201d \u2013 i w przypadku ci\u0119cia laserowego nie jest to slogan, lecz techniczny fakt.<\/p>\n<p>[\/et_pb_text][\/et_pb_column][\/et_pb_row][et_pb_row use_custom_gutter=&#8221;on&#8221; gutter_width=&#8221;2&#8243; custom_padding_last_edited=&#8221;off|desktop&#8221; _builder_version=&#8221;4.27.4&#8243; _module_preset=&#8221;default&#8221; max_width=&#8221;1280px&#8221; custom_padding=&#8221;0px||0px||false|false&#8221; custom_padding_tablet=&#8221;||0px||false|false&#8221; custom_padding_phone=&#8221;||0px||false|false&#8221; locked=&#8221;off&#8221; global_colors_info=&#8221;{}&#8221; custom_css_main_element_last_edited=&#8221;on|phone&#8221; custom_css_main_element_tablet=&#8221;display: flex;||flex-direction: column-reverse;||&#8221; custom_css_main_element_phone=&#8221;display: flex;||flex-direction: column-reverse;||&#8221;][et_pb_column type=&#8221;4_4&#8243; _builder_version=&#8221;4.27.4&#8243; _module_preset=&#8221;default&#8221; custom_padding=&#8221;20px||20px||true|false&#8221; custom_padding_tablet=&#8221;||20px||false|false&#8221; custom_padding_phone=&#8221;||20px||false|false&#8221; custom_padding_last_edited=&#8221;on|tablet&#8221; global_colors_info=&#8221;{}&#8221;][et_pb_text admin_label=&#8221;Title&#8221; _builder_version=&#8221;4.27.4&#8243; text_text_color=&#8221;gcid-82825614-d3ca-42ac-9950-b498c0636a05&#8243; header_2_font=&#8221;Oxanium|700||on|||||&#8221; custom_padding=&#8221;|||16px|false|false&#8221; header_text_align_tablet=&#8221;&#8221; header_text_align_phone=&#8221;center&#8221; header_text_align_last_edited=&#8221;on|tablet&#8221; header_2_text_align_tablet=&#8221;center&#8221; header_2_text_align_phone=&#8221;center&#8221; header_2_text_align_last_edited=&#8221;on|phone&#8221; border_width_left=&#8221;8px&#8221; border_color_left=&#8221;gcid-67112464-0cf3-4c19-83e2-234982916595&#8243; global_colors_info=&#8221;{%22gcid-67112464-0cf3-4c19-83e2-234982916595%22:%91%22border_color_all_image%22,%22image_icon_background_color%22,%22border_color_all_image%22,%22image_icon_background_color%22,%22border_color_left%22%93,%22gcid-7c5d6a40-359b-467e-bf82-d963ce1497db%22:%91%22body_text_color%22,%22body_text_color%22,%22body_text_color%22%93,%22gcid-82825614-d3ca-42ac-9950-b498c0636a05%22:%91%22header_text_color%22,%22header_2_text_color%22,%22header_3_text_color%22,%22header_4_text_color%22,%22header_5_text_color%22,%22text_text_color%22%93}&#8221;]<\/p>\n<h2>Technologia, kt\u00f3ra pracuje na Tw\u00f3j projekt<\/h2>\n<p>[\/et_pb_text][et_pb_text _builder_version=&#8221;4.27.4&#8243; _module_preset=&#8221;default&#8221; global_colors_info=&#8221;{}&#8221;]<\/p>\n<p data-start=\"1038\" data-end=\"1347\">Dysponujemy nowoczesnymi wycinarkami laserowymi, kt\u00f3re umo\u017cliwiaj\u0105 obr\u00f3bk\u0119 r\u00f3\u017cnego rodzaju blach: od stali konstrukcyjnej, przez stal nierdzewn\u0105, po aluminium i metale kolorowe. Ka\u017cdy materia\u0142 traktujemy indywidualnie, dobieraj\u0105c parametry ci\u0119cia tak, aby uzyska\u0107 optymalny efekt bez kompromis\u00f3w jako\u015bciowych.<\/p>\n<p data-start=\"1349\" data-end=\"1683\">Laser pozwala realizowa\u0107 zar\u00f3wno proste kszta\u0142ty, jak i skomplikowane kontury, otwory technologiczne czy precyzyjne grawerunki. To idealne rozwi\u0105zanie dla bran\u017c, w kt\u00f3rych liczy si\u0119 dok\u0142adno\u015b\u0107: przemys\u0142u maszynowego, automotive, budownictwa, architektury, a tak\u017ce dla klient\u00f3w indywidualnych poszukuj\u0105cych niestandardowych realizacji.<\/p>\n<p data-start=\"1685\" data-end=\"1943\">Pod jednym warunkiem \u2013 proces musi by\u0107 prowadzony \u015bwiadomie. Dlatego nie ograniczamy si\u0119 do \u201ewycinania z pliku\u201d. Analizujemy projekt, doradzamy zmiany konstrukcyjne i wskazujemy rozwi\u0105zania, kt\u00f3re poprawi\u0105 funkcjonalno\u015b\u0107 elementu lub obni\u017c\u0105 koszty produkcji.<\/p>\n<p>[\/et_pb_text][et_pb_text admin_label=&#8221;Title&#8221; _builder_version=&#8221;4.27.4&#8243; text_text_color=&#8221;gcid-82825614-d3ca-42ac-9950-b498c0636a05&#8243; header_2_font=&#8221;Oxanium|700||on|||||&#8221; custom_padding=&#8221;|||16px|false|false&#8221; header_text_align_tablet=&#8221;&#8221; header_text_align_phone=&#8221;center&#8221; header_text_align_last_edited=&#8221;on|tablet&#8221; header_2_text_align_tablet=&#8221;center&#8221; header_2_text_align_phone=&#8221;center&#8221; header_2_text_align_last_edited=&#8221;on|phone&#8221; border_width_left=&#8221;8px&#8221; border_color_left=&#8221;gcid-67112464-0cf3-4c19-83e2-234982916595&#8243; global_colors_info=&#8221;{%22gcid-67112464-0cf3-4c19-83e2-234982916595%22:%91%22border_color_all_image%22,%22image_icon_background_color%22,%22border_color_all_image%22,%22image_icon_background_color%22,%22border_color_left%22%93,%22gcid-7c5d6a40-359b-467e-bf82-d963ce1497db%22:%91%22body_text_color%22,%22body_text_color%22,%22body_text_color%22%93,%22gcid-82825614-d3ca-42ac-9950-b498c0636a05%22:%91%22header_text_color%22,%22header_2_text_color%22,%22header_3_text_color%22,%22header_4_text_color%22,%22header_5_text_color%22,%22text_text_color%22%93}&#8221;]<\/p>\n<h2>Dlaczego laser? Konkretne korzy\u015bci, nie obietnice<\/h2>\n<p>[\/et_pb_text][et_pb_text _builder_version=&#8221;4.27.4&#8243; _module_preset=&#8221;default&#8221; global_colors_info=&#8221;{}&#8221;]<\/p>\n<p data-start=\"1999\" data-end=\"2105\">Pod tym nag\u0142\u00f3wkiem warto jasno wskaza\u0107, co realnie zyskuje klient, decyduj\u0105c si\u0119 na laserowe ci\u0119cie blach:<\/p>\n<ul data-start=\"2107\" data-end=\"2420\">\n<li data-start=\"2107\" data-end=\"2171\">\n<p data-start=\"2109\" data-end=\"2171\">wyj\u0105tkow\u0105 precyzj\u0119 i powtarzalno\u015b\u0107 nawet przy du\u017cych seriach<\/p>\n<\/li>\n<li data-start=\"2172\" data-end=\"2238\">\n<p data-start=\"2174\" data-end=\"2238\">idealnie g\u0142adkie kraw\u0119dzie bez konieczno\u015bci dodatkowej obr\u00f3bki<\/p>\n<\/li>\n<li data-start=\"2239\" data-end=\"2296\">\n<p data-start=\"2241\" data-end=\"2296\">mo\u017cliwo\u015b\u0107 realizacji bardzo skomplikowanych kszta\u0142t\u00f3w<\/p>\n<\/li>\n<li data-start=\"2297\" data-end=\"2357\">\n<p data-start=\"2299\" data-end=\"2357\">minimalne straty materia\u0142u dzi\u0119ki optymalizacji rozkroju<\/p>\n<\/li>\n<li data-start=\"2358\" data-end=\"2420\">\n<p data-start=\"2360\" data-end=\"2420\">szybki czas realizacji \u2013 od prototypu po produkcj\u0119 seryjn\u0105<\/p>\n<\/li>\n<\/ul>\n<p data-start=\"2422\" data-end=\"2525\">To nie s\u0105 marketingowe has\u0142a, lecz codzienna praktyka dobrze zaprojektowanego procesu technologicznego.<\/p>\n<p>[\/et_pb_text][et_pb_text admin_label=&#8221;Title&#8221; _builder_version=&#8221;4.27.4&#8243; text_text_color=&#8221;gcid-82825614-d3ca-42ac-9950-b498c0636a05&#8243; header_2_font=&#8221;Oxanium|700||on|||||&#8221; custom_padding=&#8221;|||16px|false|false&#8221; header_text_align_tablet=&#8221;&#8221; header_text_align_phone=&#8221;center&#8221; header_text_align_last_edited=&#8221;on|tablet&#8221; header_2_text_align_tablet=&#8221;center&#8221; header_2_text_align_phone=&#8221;center&#8221; header_2_text_align_last_edited=&#8221;on|phone&#8221; border_width_left=&#8221;8px&#8221; border_color_left=&#8221;gcid-67112464-0cf3-4c19-83e2-234982916595&#8243; global_colors_info=&#8221;{%22gcid-67112464-0cf3-4c19-83e2-234982916595%22:%91%22border_color_all_image%22,%22image_icon_background_color%22,%22border_color_all_image%22,%22image_icon_background_color%22,%22border_color_left%22%93,%22gcid-7c5d6a40-359b-467e-bf82-d963ce1497db%22:%91%22body_text_color%22,%22body_text_color%22,%22body_text_color%22%93,%22gcid-82825614-d3ca-42ac-9950-b498c0636a05%22:%91%22header_text_color%22,%22header_2_text_color%22,%22header_3_text_color%22,%22header_4_text_color%22,%22header_5_text_color%22,%22text_text_color%22%93}&#8221;]<\/p>\n<h2>Ekspercka obs\u0142uga od projektu po gotowy detal<\/h2>\n<p>[\/et_pb_text][et_pb_text _builder_version=&#8221;4.27.4&#8243; _module_preset=&#8221;default&#8221; global_colors_info=&#8221;{}&#8221;]<\/p>\n<p data-start=\"2577\" data-end=\"2907\">Nasz\u0105 przewag\u0105 nie jest wy\u0142\u0105cznie park maszynowy. To ludzie, wiedza i do\u015bwiadczenie. Ka\u017cde zlecenie traktujemy jako odr\u0119bny przypadek technologiczny. Wspieramy klient\u00f3w ju\u017c na etapie projektowania, sprawdzamy pliki pod k\u0105tem poprawno\u015bci, tolerancji i mo\u017cliwo\u015bci produkcyjnych. Je\u015bli co\u015b da si\u0119 zrobi\u0107 lepiej \u2013 m\u00f3wimy o tym wprost.<\/p>\n<p data-start=\"2909\" data-end=\"3210\">W \u015bwiecie przemys\u0142u liczy si\u0119 partnerstwo, a nie jednorazowa us\u0142uga. Dlatego stawiamy na d\u0142ugofalow\u0105 wsp\u00f3\u0142prac\u0119, terminowo\u015b\u0107 i transparentno\u015b\u0107. Klient ma wiedzie\u0107, co otrzymuje, w jakim czasie i na jakich warunkach. Jak mawiamy: \u201edobra technologia broni si\u0119 sama, je\u015bli stoi za ni\u0105 uczciwe podej\u015bcie\u201d.<\/p>\n<p>[\/et_pb_text][et_pb_text admin_label=&#8221;Title&#8221; _builder_version=&#8221;4.27.4&#8243; text_text_color=&#8221;gcid-82825614-d3ca-42ac-9950-b498c0636a05&#8243; header_2_font=&#8221;Oxanium|700||on|||||&#8221; custom_padding=&#8221;|||16px|false|false&#8221; header_text_align_tablet=&#8221;&#8221; header_text_align_phone=&#8221;center&#8221; header_text_align_last_edited=&#8221;on|tablet&#8221; header_2_text_align_tablet=&#8221;center&#8221; header_2_text_align_phone=&#8221;center&#8221; header_2_text_align_last_edited=&#8221;on|phone&#8221; border_width_left=&#8221;8px&#8221; border_color_left=&#8221;gcid-67112464-0cf3-4c19-83e2-234982916595&#8243; global_colors_info=&#8221;{%22gcid-67112464-0cf3-4c19-83e2-234982916595%22:%91%22border_color_all_image%22,%22image_icon_background_color%22,%22border_color_all_image%22,%22image_icon_background_color%22,%22border_color_left%22%93,%22gcid-7c5d6a40-359b-467e-bf82-d963ce1497db%22:%91%22body_text_color%22,%22body_text_color%22,%22body_text_color%22%93,%22gcid-82825614-d3ca-42ac-9950-b498c0636a05%22:%91%22header_text_color%22,%22header_2_text_color%22,%22header_3_text_color%22,%22header_4_text_color%22,%22header_5_text_color%22,%22text_text_color%22%93}&#8221;]<\/p>\n<h2>Ci\u0119cie blachy laserem jako element wi\u0119kszej ca\u0142o\u015bci<\/h2>\n<p>[\/et_pb_text][et_pb_text _builder_version=&#8221;4.27.4&#8243; _module_preset=&#8221;default&#8221; global_colors_info=&#8221;{}&#8221;]<\/p>\n<p data-start=\"3268\" data-end=\"3566\">Warto podkre\u015bli\u0107, \u017ce laserowe ci\u0119cie blachy to cz\u0119sto pierwszy etap dalszych proces\u00f3w: gi\u0119cia, spawania, malowania czy monta\u017cu. Jako\u015b\u0107 na tym etapie determinuje ca\u0142y dalszy cykl produkcyjny. Niedok\u0142adno\u015b\u0107, nadpalenia czy odkszta\u0142cenia generuj\u0105 problemy, kt\u00f3re rosn\u0105 lawinowo w kolejnych operacjach.<\/p>\n<p data-start=\"3568\" data-end=\"3826\">Dlatego skupiamy si\u0119 na jako\u015bci wej\u015bciowej \u2013 bo wiemy, \u017ce to ona decyduje o sukcesie projektu. Dobrze wykonane ci\u0119cie to mniej poprawek, mniej odpad\u00f3w i wi\u0119ksza przewidywalno\u015b\u0107 produkcji. A przewidywalno\u015b\u0107 to dzi\u015b jedna z najcenniejszych warto\u015bci w biznesie.<\/p>\n<p>[\/et_pb_text][et_pb_text admin_label=&#8221;Title&#8221; _builder_version=&#8221;4.27.4&#8243; text_text_color=&#8221;gcid-82825614-d3ca-42ac-9950-b498c0636a05&#8243; header_2_font=&#8221;Oxanium|700||on|||||&#8221; custom_padding=&#8221;|||16px|false|false&#8221; header_text_align_tablet=&#8221;&#8221; header_text_align_phone=&#8221;center&#8221; header_text_align_last_edited=&#8221;on|tablet&#8221; header_2_text_align_tablet=&#8221;center&#8221; header_2_text_align_phone=&#8221;center&#8221; header_2_text_align_last_edited=&#8221;on|phone&#8221; border_width_left=&#8221;8px&#8221; border_color_left=&#8221;gcid-67112464-0cf3-4c19-83e2-234982916595&#8243; global_colors_info=&#8221;{%22gcid-67112464-0cf3-4c19-83e2-234982916595%22:%91%22border_color_all_image%22,%22image_icon_background_color%22,%22border_color_all_image%22,%22image_icon_background_color%22,%22border_color_left%22%93,%22gcid-7c5d6a40-359b-467e-bf82-d963ce1497db%22:%91%22body_text_color%22,%22body_text_color%22,%22body_text_color%22%93,%22gcid-82825614-d3ca-42ac-9950-b498c0636a05%22:%91%22header_text_color%22,%22header_2_text_color%22,%22header_3_text_color%22,%22header_4_text_color%22,%22header_5_text_color%22,%22text_text_color%22%93}&#8221;]<\/p>\n<h2>Zapraszamy do wsp\u00f3\u0142pracy<\/h2>\n<p>[\/et_pb_text][et_pb_text _builder_version=&#8221;4.27.4&#8243; _module_preset=&#8221;default&#8221; global_colors_info=&#8221;{}&#8221;]<\/p>\n<p data-start=\"3857\" data-end=\"4138\">Je\u015bli szukasz firmy, kt\u00f3ra rozumie technologi\u0119 laserow\u0105 nie tylko od strony maszyn, ale tak\u017ce od strony realnych zastosowa\u0144 \u2013 jeste\u015b we w\u0142a\u015bciwym miejscu. Oferujemy laserowe ci\u0119cie blach jako kompleksow\u0105 us\u0142ug\u0119, opart\u0105 na wiedzy, do\u015bwiadczeniu i odpowiedzialno\u015bci za efekt ko\u0144cowy.<\/p>\n<p data-start=\"4140\" data-end=\"4196\" data-is-last-node=\"\" data-is-only-node=\"\">Metal daje ogromne mo\u017cliwo\u015bci. My wiemy, jak je wydoby\u0107.<\/p>\n<p>[\/et_pb_text][\/et_pb_column][\/et_pb_row][\/et_pb_section]<\/p>\n","protected":false},"excerpt":{"rendered":"<p>Ci\u0119cie blachyPrecyzja, kt\u00f3ra buduje przewag\u0119 \u2013 profesjonalne ci\u0119cie blachy laseremCi\u0119cie blachy laserem to dzi\u015b znacznie wi\u0119cej ni\u017c tylko proces technologiczny. To fundament nowoczesnej produkcji, punkt wyj\u015bcia dla jako\u015bci, estetyki i powtarzalno\u015bci element\u00f3w metalowych. Jako firma specjalizuj\u0105ca si\u0119 w laserowym ci\u0119ciu blach, \u0142\u0105czymy zaawansowan\u0105 technologi\u0119 z in\u017cynierskim podej\u015bciem i realnym zrozumieniem potrzeb przemys\u0142u. Pracujemy z metalem, ale my\u015blimy o rozwi\u0105zaniach. Laser nie wybacza b\u0142\u0119d\u00f3w \u2013 i w\u0142a\u015bnie dlatego jest narz\u0119dziem dla profesjonalist\u00f3w. Wysoka koncentracja energii pozwala na uzyskanie idealnie g\u0142adkich kraw\u0119dzi, minimalnej strefy wp\u0142ywu ciep\u0142a oraz powtarzalno\u015bci, kt\u00f3rej nie da si\u0119 osi\u0105gn\u0105\u0107 tradycyjnymi metodami. Dla naszych klient\u00f3w oznacza to oszcz\u0119dno\u015b\u0107 czasu, redukcj\u0119 koszt\u00f3w dalszej obr\u00f3bki i pewno\u015b\u0107, \u017ce ka\u017cdy detal spe\u0142nia za\u0142o\u017cone tolerancje. Jak cz\u0119sto s\u0142yszymy: \u201eliczy si\u0119 detal\u201d \u2013 i w przypadku ci\u0119cia laserowego nie jest to slogan, lecz techniczny fakt.Technologia, kt\u00f3ra pracuje na Tw\u00f3j projektDysponujemy nowoczesnymi wycinarkami laserowymi, kt\u00f3re umo\u017cliwiaj\u0105 obr\u00f3bk\u0119 r\u00f3\u017cnego rodzaju blach: od stali konstrukcyjnej, przez stal nierdzewn\u0105, po aluminium i metale kolorowe. Ka\u017cdy materia\u0142 traktujemy indywidualnie, dobieraj\u0105c parametry ci\u0119cia tak, aby uzyska\u0107 optymalny efekt bez kompromis\u00f3w jako\u015bciowych. Laser pozwala realizowa\u0107 zar\u00f3wno proste kszta\u0142ty, jak i skomplikowane kontury, otwory technologiczne czy precyzyjne grawerunki. To idealne rozwi\u0105zanie dla bran\u017c, w kt\u00f3rych liczy si\u0119 dok\u0142adno\u015b\u0107: przemys\u0142u maszynowego, automotive, budownictwa, [&hellip;]<\/p>\n","protected":false},"author":3,"featured_media":0,"parent":0,"menu_order":0,"comment_status":"closed","ping_status":"closed","template":"","meta":{"_et_pb_use_builder":"on","_et_pb_old_content":"<!-- wp:divi\/placeholder \/-->","_et_gb_content_width":"","footnotes":""},"class_list":["post-909","page","type-page","status-publish","hentry"],"_links":{"self":[{"href":"https:\/\/evolaser.eu\/de\/wp-json\/wp\/v2\/pages\/909","targetHints":{"allow":["GET"]}}],"collection":[{"href":"https:\/\/evolaser.eu\/de\/wp-json\/wp\/v2\/pages"}],"about":[{"href":"https:\/\/evolaser.eu\/de\/wp-json\/wp\/v2\/types\/page"}],"author":[{"embeddable":true,"href":"https:\/\/evolaser.eu\/de\/wp-json\/wp\/v2\/users\/3"}],"replies":[{"embeddable":true,"href":"https:\/\/evolaser.eu\/de\/wp-json\/wp\/v2\/comments?post=909"}],"version-history":[{"count":4,"href":"https:\/\/evolaser.eu\/de\/wp-json\/wp\/v2\/pages\/909\/revisions"}],"predecessor-version":[{"id":995,"href":"https:\/\/evolaser.eu\/de\/wp-json\/wp\/v2\/pages\/909\/revisions\/995"}],"wp:attachment":[{"href":"https:\/\/evolaser.eu\/de\/wp-json\/wp\/v2\/media?parent=909"}],"curies":[{"name":"wp","href":"https:\/\/api.w.org\/{rel}","templated":true}]}}